{"id":12447,"date":"2025-11-13T23:28:49","date_gmt":"2025-11-13T23:28:49","guid":{"rendered":"https:\/\/2pai-nord.ci\/web\/?page_id=12447"},"modified":"2025-11-15T15:07:45","modified_gmt":"2025-11-15T15:07:45","slug":"composante-a-3","status":"publish","type":"page","link":"https:\/\/2pai-nord.ci\/web\/composante-a-3\/","title":{"rendered":"Composante A"},"content":{"rendered":"\t\t<div data-elementor-type=\"wp-post\" data-elementor-id=\"12447\" class=\"elementor elementor-12447\" data-elementor-post-type=\"page\">\n\t\t\t\t<div class=\"has_eae_slider elementor-element elementor-element-68be35c e-flex e-con-boxed e-con e-parent\" data-eae-slider=\"39577\" data-id=\"68be35c\" data-element_type=\"container\">\n\t\t\t\t\t<div class=\"e-con-inner\">\n\t\t\t\t<div class=\"elementor-element elementor-element-5f99ae4 elementor-widget elementor-widget-spacer\" data-id=\"5f99ae4\" data-element_type=\"widget\" data-widget_type=\"spacer.default\">\n\t\t\t\t<div class=\"elementor-widget-container\">\n\t\t\t\t\t\t\t<div class=\"elementor-spacer\">\n\t\t\t<div class=\"elementor-spacer-inner\"><\/div>\n\t\t<\/div>\n\t\t\t\t\t\t<\/div>\n\t\t\t\t<\/div>\n\t\t\t\t\t<\/div>\n\t\t\t\t<\/div>\n\t\t\t\t<section class=\"has_eae_slider elementor-section elementor-top-section elementor-element elementor-element-78a6235 elementor-section-boxed elementor-section-height-default elementor-section-height-default\" data-eae-slider=\"58897\" data-id=\"78a6235\" data-element_type=\"section\" data-settings=\"{&quot;background_background&quot;:&quot;classic&quot;}\" compoab=\"\">\n\t\t\t\t\t\t<div class=\"elementor-container elementor-column-gap-extended\">\n\t\t\t<a class=\"eael-wrapper-link-77c111d --eael-wrapper-link-tag\" href=\"https:\/\/2pai-nord.ci\/web\/composantes\/A\"><\/a>\t\t<div data-eael-wrapper-link=\"eael-wrapper-link-77c111d\" class=\"has_eae_slider elementor-column elementor-col-50 elementor-top-column elementor-element elementor-element-77c111d\" data-eae-slider=\"49293\" data-id=\"77c111d\" data-element_type=\"column\">\n\t\t\t<div class=\"elementor-widget-wrap elementor-element-populated\">\n\t\t\t\t\t\t<div class=\"elementor-element elementor-element-48efcf7 elementor-widget elementor-widget-image\" data-id=\"48efcf7\" data-element_type=\"widget\" data-widget_type=\"image.default\">\n\t\t\t\t<div class=\"elementor-widget-container\">\n\t\t\t\t\t\t\t\t\t\t\t\t<figure class=\"wp-caption\">\n\t\t\t\t\t\t\t\t\t\t<img decoding=\"async\" src=\"https:\/\/2pai-nord.ci\/web\/wp-content\/uploads\/elementor\/thumbs\/ComposanteA-rerkk3t8qun7gf8tjev650lbdvj6jwmexrta9i6of4.png\" title=\"ComposanteA\" alt=\"ComposanteA\" loading=\"lazy\" \/>\t\t\t\t\t\t\t\t\t\t\t<figcaption class=\"widget-image-caption wp-caption-text\">Composante A 1<\/figcaption>\n\t\t\t\t\t\t\t\t\t\t<\/figure>\n\t\t\t\t\t\t\t\t\t<\/div>\n\t\t\t\t<\/div>\n\t\t\t\t<div class=\"elementor-element elementor-element-ee95ee2 elementor-widget elementor-widget-image\" data-id=\"ee95ee2\" data-element_type=\"widget\" data-widget_type=\"image.default\">\n\t\t\t\t<div class=\"elementor-widget-container\">\n\t\t\t\t\t\t\t\t\t\t\t\t<figure class=\"wp-caption\">\n\t\t\t\t\t\t\t\t\t\t<img decoding=\"async\" src=\"https:\/\/2pai-nord.ci\/web\/wp-content\/uploads\/elementor\/thumbs\/Composante-A-2-rerkk3t8qun7gf8tjev650lbdvj6jwmexrta9i6of4.png\" title=\"Composante A 2\" alt=\"Composante A 2\" loading=\"lazy\" \/>\t\t\t\t\t\t\t\t\t\t\t<figcaption class=\"widget-image-caption wp-caption-text\">Composante A 2<\/figcaption>\n\t\t\t\t\t\t\t\t\t\t<\/figure>\n\t\t\t\t\t\t\t\t\t<\/div>\n\t\t\t\t<\/div>\n\t\t\t\t<div class=\"elementor-element elementor-element-e453a16 elementor-widget elementor-widget-image\" data-id=\"e453a16\" data-element_type=\"widget\" data-widget_type=\"image.default\">\n\t\t\t\t<div class=\"elementor-widget-container\">\n\t\t\t\t\t\t\t\t\t\t\t\t<figure class=\"wp-caption\">\n\t\t\t\t\t\t\t\t\t\t<img decoding=\"async\" src=\"https:\/\/2pai-nord.ci\/web\/wp-content\/uploads\/elementor\/thumbs\/Composante-A-1-rerkk3t8qun7gf8tjev650lbdvj6jwmexrta9i6of4.png\" title=\"Composante A 1\" alt=\"Composante A 1\" loading=\"lazy\" \/>\t\t\t\t\t\t\t\t\t\t\t<figcaption class=\"widget-image-caption wp-caption-text\">Composante A 3<\/figcaption>\n\t\t\t\t\t\t\t\t\t\t<\/figure>\n\t\t\t\t\t\t\t\t\t<\/div>\n\t\t\t\t<\/div>\n\t\t\t\t\t<\/div>\n\t\t<\/div>\n\t\t<a class=\"eael-wrapper-link-cefcdb9 --eael-wrapper-link-tag\" href=\"https:\/\/2pai-nord.ci\/web\/composantes\/A\"><\/a>\t\t<div data-eael-wrapper-link=\"eael-wrapper-link-cefcdb9\" class=\"has_eae_slider elementor-column elementor-col-50 elementor-top-column elementor-element elementor-element-cefcdb9\" data-eae-slider=\"73510\" data-id=\"cefcdb9\" data-element_type=\"column\">\n\t\t\t<div class=\"elementor-widget-wrap elementor-element-populated\">\n\t\t\t\t\t\t<div class=\"elementor-element elementor-element-f67020f elementor-widget__width-initial eael-infobox-content-align--center eael-infobox-icon-bg-shape-none eael-infobox-icon-hover-bg-shape-none elementor-widget elementor-widget-eael-info-box\" data-id=\"f67020f\" data-element_type=\"widget\" data-widget_type=\"eael-info-box.default\">\n\t\t\t\t<div class=\"elementor-widget-container\">\n\t\t\t\t\t        <div class=\"eael-infobox icon-on-top\">\n\t            <div class=\"infobox-icon\">\n\n            \n            \n                            <div class=\"infobox-icon-wrap\">\n                    <span class=\"infobox-icon-number\"><\/span>\n                <\/div>\n            \n        <\/div>\n            <div class=\"infobox-content\">\n        <div><p style=\"text-align: justify;\"><strong>Appui au secteur priv\u00e9 et aux Institutions en charge du d\u00e9veloppement de l&#8217;Agro-Industrie<\/strong><\/p>\n<p style=\"text-align: justify;\">Vise \u00e0 favoriser la mobilisation de l\u2019investissement priv\u00e9 dans l\u2019Agro-Industrie par l\u2019am\u00e9lioration de l\u2019offre de services financier et non-financier aux acteurs d\u2019une part et d\u2019autre part la mise en place et l\u2019op\u00e9rationnalisation d\u2019une strat\u00e9gie marketing du PAI-Nord et des guichets uniques des hubs, mini-hub et Centres d\u2019Agr\u00e9gation et de Services (CAS).<\/p>\n\n<h3 style=\"text-align: left;\"><span style=\"color: #008000;\"><strong><span style=\"text-decoration: underline;\">A1<\/span><\/strong> : Appui \u00e0 la mobilisation de l\u2019investissement priv\u00e9 dans l\u2019AgroIndustrie<\/span><\/h3>\n<h3 style=\"text-align: left;\"><span style=\"color: #008000;\"><strong><span style=\"text-decoration: underline;\">A2<\/span><\/strong> : Am\u00e9lioration de l\u2019offre en services non-financiers aux acteurs de l\u2019A-I<\/span><\/h3>\n<h3 style=\"text-align: left;\"><span style=\"color: #000000;\"><span style=\"color: #008000;\"><strong><span style=\"text-decoration: underline;\">A3<\/span><\/strong> : Am\u00e9lioration de l\u2019offre de services financiers aux acteurs de l\u2019A-I<\/span><\/span><\/h3><\/div>        <\/div>\n            <\/div>\n\n\t\t\t\t\t\t<\/div>\n\t\t\t\t<\/div>\n\t\t\t\t\t<\/div>\n\t\t<\/div>\n\t\t\t\t\t<\/div>\n\t\t<\/section>\n\t\t<div class=\"has_eae_slider elementor-element elementor-element-e520452 e-flex e-con-boxed e-con e-parent\" data-eae-slider=\"98729\" data-id=\"e520452\" data-element_type=\"container\">\n\t\t\t\t\t<div class=\"e-con-inner\">\n\t\t\t\t<div class=\"elementor-element elementor-element-2a0afea elementor-widget elementor-widget-spacer\" data-id=\"2a0afea\" data-element_type=\"widget\" data-widget_type=\"spacer.default\">\n\t\t\t\t<div class=\"elementor-widget-container\">\n\t\t\t\t\t\t\t<div class=\"elementor-spacer\">\n\t\t\t<div class=\"elementor-spacer-inner\"><\/div>\n\t\t<\/div>\n\t\t\t\t\t\t<\/div>\n\t\t\t\t<\/div>\n\t\t\t\t\t<\/div>\n\t\t\t\t<\/div>\n\t\t\t\t<\/div>\n\t\t","protected":false},"excerpt":{"rendered":"<p>Composante A 1 Composante A 2 Composante A 3 Appui au secteur priv\u00e9 et aux Institutions en charge du d\u00e9veloppement de l&#8217;Agro-Industrie Vise \u00e0 favoriser<\/p>\n","protected":false},"author":1,"featured_media":0,"parent":0,"menu_order":0,"comment_status":"closed","ping_status":"closed","template":"","meta":{"_acf_changed":false,"_eb_attr":"","_monsterinsights_skip_tracking":false,"_monsterinsights_sitenote_active":false,"_monsterinsights_sitenote_note":"","_monsterinsights_sitenote_category":0,"footnotes":""},"class_list":["post-12447","page","type-page","status-publish","hentry"],"acf":[],"aioseo_notices":[],"_links":{"self":[{"href":"https:\/\/2pai-nord.ci\/web\/wp-json\/wp\/v2\/pages\/12447","targetHints":{"allow":["GET"]}}],"collection":[{"href":"https:\/\/2pai-nord.ci\/web\/wp-json\/wp\/v2\/pages"}],"about":[{"href":"https:\/\/2pai-nord.ci\/web\/wp-json\/wp\/v2\/types\/page"}],"author":[{"embeddable":true,"href":"https:\/\/2pai-nord.ci\/web\/wp-json\/wp\/v2\/users\/1"}],"replies":[{"embeddable":true,"href":"https:\/\/2pai-nord.ci\/web\/wp-json\/wp\/v2\/comments?post=12447"}],"version-history":[{"count":46,"href":"https:\/\/2pai-nord.ci\/web\/wp-json\/wp\/v2\/pages\/12447\/revisions"}],"predecessor-version":[{"id":12503,"href":"https:\/\/2pai-nord.ci\/web\/wp-json\/wp\/v2\/pages\/12447\/revisions\/12503"}],"wp:attachment":[{"href":"https:\/\/2pai-nord.ci\/web\/wp-json\/wp\/v2\/media?parent=12447"}],"curies":[{"name":"wp","href":"https:\/\/api.w.org\/{rel}","templated":true}]}}