{"id":12504,"date":"2025-11-15T15:10:08","date_gmt":"2025-11-15T15:10:08","guid":{"rendered":"https:\/\/2pai-nord.ci\/web\/?page_id=12504"},"modified":"2025-11-15T15:34:52","modified_gmt":"2025-11-15T15:34:52","slug":"composante-b-3","status":"publish","type":"page","link":"https:\/\/2pai-nord.ci\/web\/composante-b-3\/","title":{"rendered":"Composante B"},"content":{"rendered":"\t\t<div data-elementor-type=\"wp-post\" data-elementor-id=\"12504\" class=\"elementor elementor-12504\" data-elementor-post-type=\"page\">\n\t\t\t\t<div class=\"has_eae_slider elementor-element elementor-element-68be35c e-flex e-con-boxed e-con e-parent\" data-eae-slider=\"92835\" data-id=\"68be35c\" data-element_type=\"container\">\n\t\t\t\t\t<div class=\"e-con-inner\">\n\t\t\t\t<div class=\"elementor-element elementor-element-5f99ae4 elementor-widget elementor-widget-spacer\" data-id=\"5f99ae4\" data-element_type=\"widget\" data-widget_type=\"spacer.default\">\n\t\t\t\t<div class=\"elementor-widget-container\">\n\t\t\t\t\t\t\t<div class=\"elementor-spacer\">\n\t\t\t<div class=\"elementor-spacer-inner\"><\/div>\n\t\t<\/div>\n\t\t\t\t\t\t<\/div>\n\t\t\t\t<\/div>\n\t\t\t\t\t<\/div>\n\t\t\t\t<\/div>\n\t\t\t\t<section class=\"has_eae_slider elementor-section elementor-top-section elementor-element elementor-element-78a6235 elementor-section-boxed elementor-section-height-default elementor-section-height-default\" data-eae-slider=\"72896\" data-id=\"78a6235\" data-element_type=\"section\" data-settings=\"{&quot;background_background&quot;:&quot;classic&quot;}\" compoab=\"\">\n\t\t\t\t\t\t<div class=\"elementor-container elementor-column-gap-extended\">\n\t\t\t<a class=\"eael-wrapper-link-77c111d --eael-wrapper-link-tag\" href=\"https:\/\/2pai-nord.ci\/web\/composantes\/A\"><\/a>\t\t<div data-eael-wrapper-link=\"eael-wrapper-link-77c111d\" class=\"has_eae_slider elementor-column elementor-col-50 elementor-top-column elementor-element elementor-element-77c111d\" data-eae-slider=\"57902\" data-id=\"77c111d\" data-element_type=\"column\">\n\t\t\t<div class=\"elementor-widget-wrap elementor-element-populated\">\n\t\t\t\t\t\t<div class=\"elementor-element elementor-element-48efcf7 elementor-widget elementor-widget-image\" data-id=\"48efcf7\" data-element_type=\"widget\" data-widget_type=\"image.default\">\n\t\t\t\t<div class=\"elementor-widget-container\">\n\t\t\t\t\t\t\t\t\t\t\t\t\t\t\t<img fetchpriority=\"high\" decoding=\"async\" width=\"300\" height=\"300\" src=\"https:\/\/2pai-nord.ci\/web\/wp-content\/uploads\/2025\/11\/Composante-B-300x300.png\" class=\"attachment-medium size-medium wp-image-12404\" alt=\"\" srcset=\"https:\/\/2pai-nord.ci\/web\/wp-content\/uploads\/2025\/11\/Composante-B-300x300.png 300w, https:\/\/2pai-nord.ci\/web\/wp-content\/uploads\/2025\/11\/Composante-B-150x150.png 150w, https:\/\/2pai-nord.ci\/web\/wp-content\/uploads\/2025\/11\/Composante-B-400x400.png 400w, https:\/\/2pai-nord.ci\/web\/wp-content\/uploads\/2025\/11\/Composante-B-500x500.png 500w, https:\/\/2pai-nord.ci\/web\/wp-content\/uploads\/2025\/11\/elementor\/thumbs\/Composante-B-relv1vnpa7139tkxzhlj1xlcbwg6mm6cfy8t6fly5c.png 80w, https:\/\/2pai-nord.ci\/web\/wp-content\/uploads\/2025\/11\/Composante-B.png 512w\" sizes=\"(max-width: 300px) 100vw, 300px\" \/>\t\t\t\t\t\t\t\t\t\t\t\t\t\t\t<\/div>\n\t\t\t\t<\/div>\n\t\t\t\t\t<\/div>\n\t\t<\/div>\n\t\t<a class=\"eael-wrapper-link-cefcdb9 --eael-wrapper-link-tag\" href=\"https:\/\/2pai-nord.ci\/web\/composantes\/A\"><\/a>\t\t<div data-eael-wrapper-link=\"eael-wrapper-link-cefcdb9\" class=\"has_eae_slider elementor-column elementor-col-50 elementor-top-column elementor-element elementor-element-cefcdb9\" data-eae-slider=\"55475\" data-id=\"cefcdb9\" data-element_type=\"column\">\n\t\t\t<div class=\"elementor-widget-wrap elementor-element-populated\">\n\t\t\t\t\t\t<div class=\"elementor-element elementor-element-d8091c1 elementor-widget elementor-widget-spacer\" data-id=\"d8091c1\" data-element_type=\"widget\" data-widget_type=\"spacer.default\">\n\t\t\t\t<div class=\"elementor-widget-container\">\n\t\t\t\t\t\t\t<div class=\"elementor-spacer\">\n\t\t\t<div class=\"elementor-spacer-inner\"><\/div>\n\t\t<\/div>\n\t\t\t\t\t\t<\/div>\n\t\t\t\t<\/div>\n\t\t\t\t<div class=\"elementor-element elementor-element-321da5d elementor-widget elementor-widget-text-editor\" data-id=\"321da5d\" data-element_type=\"widget\" data-widget_type=\"text-editor.default\">\n\t\t\t\t<div class=\"elementor-widget-container\">\n\t\t\t\t\t\t\t\t\t<h1><strong style=\"text-align: justify;\">Renforcement de la valeur ajout\u00e9e agro-sylvo-pastorale (ASPH) et halieutique et de la mise en march\u00e9 <\/strong><\/h1><p>Vise le renforcement des infrastructures d\u2019acc\u00e8s aux march\u00e9s et le renforcement des capacit\u00e9s des acteurs de mise en march\u00e9.<\/p><h3 style=\"text-align: left;\"><span style=\"color: #008000;\"><strong><span style=\"text-decoration: underline;\">B1<\/span><\/strong> : Renforcement des Infrastructures d\u2019acc\u00e8s aux march\u00e9s<\/span><\/h3><h3 style=\"text-align: left;\"><span style=\"color: #008000;\"><span style=\"text-decoration: underline;\"><strong>B2<\/strong><\/span> : Renforcement des capacit\u00e9s des acteurs de mise en march\u00e9<\/span><\/h3>\t\t\t\t\t\t\t\t<\/div>\n\t\t\t\t<\/div>\n\t\t\t\t\t<\/div>\n\t\t<\/div>\n\t\t\t\t\t<\/div>\n\t\t<\/section>\n\t\t<div class=\"has_eae_slider elementor-element elementor-element-e520452 e-flex e-con-boxed e-con e-parent\" data-eae-slider=\"7938\" data-id=\"e520452\" data-element_type=\"container\">\n\t\t\t\t\t<div class=\"e-con-inner\">\n\t\t\t\t<div class=\"elementor-element elementor-element-2a0afea elementor-widget elementor-widget-spacer\" data-id=\"2a0afea\" data-element_type=\"widget\" data-widget_type=\"spacer.default\">\n\t\t\t\t<div class=\"elementor-widget-container\">\n\t\t\t\t\t\t\t<div class=\"elementor-spacer\">\n\t\t\t<div class=\"elementor-spacer-inner\"><\/div>\n\t\t<\/div>\n\t\t\t\t\t\t<\/div>\n\t\t\t\t<\/div>\n\t\t\t\t\t<\/div>\n\t\t\t\t<\/div>\n\t\t\t\t<\/div>\n\t\t","protected":false},"excerpt":{"rendered":"<p>Renforcement de la valeur ajout\u00e9e agro-sylvo-pastorale (ASPH) et halieutique et de la mise en march\u00e9 Vise le renforcement des infrastructures d\u2019acc\u00e8s aux march\u00e9s et le<\/p>\n","protected":false},"author":1,"featured_media":0,"parent":0,"menu_order":0,"comment_status":"closed","ping_status":"closed","template":"","meta":{"_acf_changed":false,"_eb_attr":"","_monsterinsights_skip_tracking":false,"_monsterinsights_sitenote_active":false,"_monsterinsights_sitenote_note":"","_monsterinsights_sitenote_category":0,"footnotes":""},"class_list":["post-12504","page","type-page","status-publish","hentry"],"acf":[],"aioseo_notices":[],"_links":{"self":[{"href":"https:\/\/2pai-nord.ci\/web\/wp-json\/wp\/v2\/pages\/12504","targetHints":{"allow":["GET"]}}],"collection":[{"href":"https:\/\/2pai-nord.ci\/web\/wp-json\/wp\/v2\/pages"}],"about":[{"href":"https:\/\/2pai-nord.ci\/web\/wp-json\/wp\/v2\/types\/page"}],"author":[{"embeddable":true,"href":"https:\/\/2pai-nord.ci\/web\/wp-json\/wp\/v2\/users\/1"}],"replies":[{"embeddable":true,"href":"https:\/\/2pai-nord.ci\/web\/wp-json\/wp\/v2\/comments?post=12504"}],"version-history":[{"count":7,"href":"https:\/\/2pai-nord.ci\/web\/wp-json\/wp\/v2\/pages\/12504\/revisions"}],"predecessor-version":[{"id":12512,"href":"https:\/\/2pai-nord.ci\/web\/wp-json\/wp\/v2\/pages\/12504\/revisions\/12512"}],"wp:attachment":[{"href":"https:\/\/2pai-nord.ci\/web\/wp-json\/wp\/v2\/media?parent=12504"}],"curies":[{"name":"wp","href":"https:\/\/api.w.org\/{rel}","templated":true}]}}