{"id":12513,"date":"2025-11-15T15:37:20","date_gmt":"2025-11-15T15:37:20","guid":{"rendered":"https:\/\/2pai-nord.ci\/web\/?page_id=12513"},"modified":"2025-11-15T15:46:33","modified_gmt":"2025-11-15T15:46:33","slug":"composante-c-3","status":"publish","type":"page","link":"https:\/\/2pai-nord.ci\/web\/composante-c-3\/","title":{"rendered":"Composante C"},"content":{"rendered":"\t\t<div data-elementor-type=\"wp-post\" data-elementor-id=\"12513\" class=\"elementor elementor-12513\" data-elementor-post-type=\"page\">\n\t\t\t\t<div class=\"has_eae_slider elementor-element elementor-element-68be35c e-flex e-con-boxed e-con e-parent\" data-eae-slider=\"38206\" data-id=\"68be35c\" data-element_type=\"container\">\n\t\t\t\t\t<div class=\"e-con-inner\">\n\t\t\t\t<div class=\"elementor-element elementor-element-5f99ae4 elementor-widget elementor-widget-spacer\" data-id=\"5f99ae4\" data-element_type=\"widget\" data-widget_type=\"spacer.default\">\n\t\t\t\t<div class=\"elementor-widget-container\">\n\t\t\t\t\t\t\t<div class=\"elementor-spacer\">\n\t\t\t<div class=\"elementor-spacer-inner\"><\/div>\n\t\t<\/div>\n\t\t\t\t\t\t<\/div>\n\t\t\t\t<\/div>\n\t\t\t\t\t<\/div>\n\t\t\t\t<\/div>\n\t\t\t\t<section class=\"has_eae_slider elementor-section elementor-top-section elementor-element elementor-element-78a6235 elementor-section-boxed elementor-section-height-default elementor-section-height-default\" data-eae-slider=\"2538\" data-id=\"78a6235\" data-element_type=\"section\" data-settings=\"{&quot;background_background&quot;:&quot;classic&quot;}\" compoab=\"\">\n\t\t\t\t\t\t<div class=\"elementor-container elementor-column-gap-extended\">\n\t\t\t<a class=\"eael-wrapper-link-77c111d --eael-wrapper-link-tag\" href=\"https:\/\/2pai-nord.ci\/web\/composantes\/A\"><\/a>\t\t<div data-eael-wrapper-link=\"eael-wrapper-link-77c111d\" class=\"has_eae_slider elementor-column elementor-col-50 elementor-top-column elementor-element elementor-element-77c111d\" data-eae-slider=\"9021\" data-id=\"77c111d\" data-element_type=\"column\">\n\t\t\t<div class=\"elementor-widget-wrap elementor-element-populated\">\n\t\t\t\t\t\t<div class=\"elementor-element elementor-element-48efcf7 elementor-widget elementor-widget-image\" data-id=\"48efcf7\" data-element_type=\"widget\" data-widget_type=\"image.default\">\n\t\t\t\t<div class=\"elementor-widget-container\">\n\t\t\t\t\t\t\t\t\t\t\t\t\t\t\t<img fetchpriority=\"high\" decoding=\"async\" width=\"512\" height=\"512\" src=\"https:\/\/2pai-nord.ci\/web\/wp-content\/uploads\/2025\/11\/Composante-C.png\" class=\"attachment-large size-large wp-image-12405\" alt=\"\" srcset=\"https:\/\/2pai-nord.ci\/web\/wp-content\/uploads\/2025\/11\/Composante-C.png 512w, https:\/\/2pai-nord.ci\/web\/wp-content\/uploads\/2025\/11\/Composante-C-300x300.png 300w, https:\/\/2pai-nord.ci\/web\/wp-content\/uploads\/2025\/11\/Composante-C-150x150.png 150w, https:\/\/2pai-nord.ci\/web\/wp-content\/uploads\/2025\/11\/Composante-C-400x400.png 400w, https:\/\/2pai-nord.ci\/web\/wp-content\/uploads\/2025\/11\/Composante-C-500x500.png 500w\" sizes=\"(max-width: 512px) 100vw, 512px\" \/>\t\t\t\t\t\t\t\t\t\t\t\t\t\t\t<\/div>\n\t\t\t\t<\/div>\n\t\t\t\t\t<\/div>\n\t\t<\/div>\n\t\t<a class=\"eael-wrapper-link-cefcdb9 --eael-wrapper-link-tag\" href=\"https:\/\/2pai-nord.ci\/web\/composantes\/A\"><\/a>\t\t<div data-eael-wrapper-link=\"eael-wrapper-link-cefcdb9\" class=\"has_eae_slider elementor-column elementor-col-50 elementor-top-column elementor-element elementor-element-cefcdb9\" data-eae-slider=\"64291\" data-id=\"cefcdb9\" data-element_type=\"column\">\n\t\t\t<div class=\"elementor-widget-wrap elementor-element-populated\">\n\t\t\t\t\t\t<div class=\"elementor-element elementor-element-d8091c1 elementor-widget elementor-widget-spacer\" data-id=\"d8091c1\" data-element_type=\"widget\" data-widget_type=\"spacer.default\">\n\t\t\t\t<div class=\"elementor-widget-container\">\n\t\t\t\t\t\t\t<div class=\"elementor-spacer\">\n\t\t\t<div class=\"elementor-spacer-inner\"><\/div>\n\t\t<\/div>\n\t\t\t\t\t\t<\/div>\n\t\t\t\t<\/div>\n\t\t\t\t<div class=\"elementor-element elementor-element-321da5d elementor-widget elementor-widget-text-editor\" data-id=\"321da5d\" data-element_type=\"widget\" data-widget_type=\"text-editor.default\">\n\t\t\t\t<div class=\"elementor-widget-container\">\n\t\t\t\t\t\t\t\t\t<h1><strong>Am\u00e9lioration durable de la productivit\u00e9 agro-pastorale et halieutique <\/strong><\/h1><p>Vise la mise \u00e0 niveau des infrastructures de production agro-pastorale et halieutique ; le renforcement des capacit\u00e9s des agriculteurs, \u00e9leveurs et aquaculteurs ; et le renforcement de la r\u00e9silience des communaut\u00e9s.<\/p><h3 style=\"text-align: left;\"><span style=\"color: #008000;\"><span style=\"text-decoration: underline;\"><strong>C1<\/strong><\/span> : Mise \u00e0 niveau des infrastructures de production agro-sylvo-pastorale <\/span><span style=\"color: #008000;\">et halieutique<\/span><\/h3><h3 style=\"text-align: left;\"><span style=\"color: #008000;\"><span style=\"text-decoration: underline;\"><strong>C2<\/strong><\/span> : Renforcement des capacit\u00e9s des agriculteurs, \u00e9leveurs et <\/span><span style=\"color: #008000;\">aquaculteurs<\/span><\/h3><h3 style=\"text-align: left;\"><span style=\"color: #008000;\"><span style=\"text-decoration: underline;\"><strong>C3<\/strong><\/span> : Renforcement de la r\u00e9silience des communaut\u00e9s et des OPA<\/span><\/h3>\t\t\t\t\t\t\t\t<\/div>\n\t\t\t\t<\/div>\n\t\t\t\t\t<\/div>\n\t\t<\/div>\n\t\t\t\t\t<\/div>\n\t\t<\/section>\n\t\t<div class=\"has_eae_slider elementor-element elementor-element-e520452 e-flex e-con-boxed e-con e-parent\" data-eae-slider=\"21856\" data-id=\"e520452\" data-element_type=\"container\">\n\t\t\t\t\t<div class=\"e-con-inner\">\n\t\t\t\t<div class=\"elementor-element elementor-element-2a0afea elementor-widget elementor-widget-spacer\" data-id=\"2a0afea\" data-element_type=\"widget\" data-widget_type=\"spacer.default\">\n\t\t\t\t<div class=\"elementor-widget-container\">\n\t\t\t\t\t\t\t<div class=\"elementor-spacer\">\n\t\t\t<div class=\"elementor-spacer-inner\"><\/div>\n\t\t<\/div>\n\t\t\t\t\t\t<\/div>\n\t\t\t\t<\/div>\n\t\t\t\t\t<\/div>\n\t\t\t\t<\/div>\n\t\t\t\t<\/div>\n\t\t","protected":false},"excerpt":{"rendered":"<p>Am\u00e9lioration durable de la productivit\u00e9 agro-pastorale et halieutique Vise la mise \u00e0 niveau des infrastructures de production agro-pastorale et halieutique ; le renforcement des capacit\u00e9s<\/p>\n","protected":false},"author":1,"featured_media":0,"parent":0,"menu_order":0,"comment_status":"closed","ping_status":"closed","template":"","meta":{"_acf_changed":false,"_eb_attr":"","_monsterinsights_skip_tracking":false,"_monsterinsights_sitenote_active":false,"_monsterinsights_sitenote_note":"","_monsterinsights_sitenote_category":0,"footnotes":""},"class_list":["post-12513","page","type-page","status-publish","hentry"],"acf":[],"aioseo_notices":[],"_links":{"self":[{"href":"https:\/\/2pai-nord.ci\/web\/wp-json\/wp\/v2\/pages\/12513","targetHints":{"allow":["GET"]}}],"collection":[{"href":"https:\/\/2pai-nord.ci\/web\/wp-json\/wp\/v2\/pages"}],"about":[{"href":"https:\/\/2pai-nord.ci\/web\/wp-json\/wp\/v2\/types\/page"}],"author":[{"embeddable":true,"href":"https:\/\/2pai-nord.ci\/web\/wp-json\/wp\/v2\/users\/1"}],"replies":[{"embeddable":true,"href":"https:\/\/2pai-nord.ci\/web\/wp-json\/wp\/v2\/comments?post=12513"}],"version-history":[{"count":7,"href":"https:\/\/2pai-nord.ci\/web\/wp-json\/wp\/v2\/pages\/12513\/revisions"}],"predecessor-version":[{"id":12523,"href":"https:\/\/2pai-nord.ci\/web\/wp-json\/wp\/v2\/pages\/12513\/revisions\/12523"}],"wp:attachment":[{"href":"https:\/\/2pai-nord.ci\/web\/wp-json\/wp\/v2\/media?parent=12513"}],"curies":[{"name":"wp","href":"https:\/\/api.w.org\/{rel}","templated":true}]}}