{"id":12515,"date":"2025-11-15T15:39:36","date_gmt":"2025-11-15T15:39:36","guid":{"rendered":"https:\/\/2pai-nord.ci\/web\/?page_id=12515"},"modified":"2025-11-15T15:59:01","modified_gmt":"2025-11-15T15:59:01","slug":"composante-d-3","status":"publish","type":"page","link":"https:\/\/2pai-nord.ci\/web\/composante-d-3\/","title":{"rendered":"Composante D"},"content":{"rendered":"\t\t<div data-elementor-type=\"wp-post\" data-elementor-id=\"12515\" class=\"elementor elementor-12515\" data-elementor-post-type=\"page\">\n\t\t\t\t<div class=\"has_eae_slider elementor-element elementor-element-68be35c e-flex e-con-boxed e-con e-parent\" data-eae-slider=\"98620\" data-id=\"68be35c\" data-element_type=\"container\">\n\t\t\t\t\t<div class=\"e-con-inner\">\n\t\t\t\t<div class=\"elementor-element elementor-element-5f99ae4 elementor-widget elementor-widget-spacer\" data-id=\"5f99ae4\" data-element_type=\"widget\" data-widget_type=\"spacer.default\">\n\t\t\t\t<div class=\"elementor-widget-container\">\n\t\t\t\t\t\t\t<div class=\"elementor-spacer\">\n\t\t\t<div class=\"elementor-spacer-inner\"><\/div>\n\t\t<\/div>\n\t\t\t\t\t\t<\/div>\n\t\t\t\t<\/div>\n\t\t\t\t\t<\/div>\n\t\t\t\t<\/div>\n\t\t\t\t<section class=\"has_eae_slider elementor-section elementor-top-section elementor-element elementor-element-78a6235 elementor-section-boxed elementor-section-height-default elementor-section-height-default\" data-eae-slider=\"46141\" data-id=\"78a6235\" data-element_type=\"section\" data-settings=\"{&quot;background_background&quot;:&quot;classic&quot;}\" compoab=\"\">\n\t\t\t\t\t\t<div class=\"elementor-container elementor-column-gap-extended\">\n\t\t\t<a class=\"eael-wrapper-link-77c111d --eael-wrapper-link-tag\" href=\"https:\/\/2pai-nord.ci\/web\/composantes\/A\"><\/a>\t\t<div data-eael-wrapper-link=\"eael-wrapper-link-77c111d\" class=\"has_eae_slider elementor-column elementor-col-50 elementor-top-column elementor-element elementor-element-77c111d\" data-eae-slider=\"29761\" data-id=\"77c111d\" data-element_type=\"column\">\n\t\t\t<div class=\"elementor-widget-wrap elementor-element-populated\">\n\t\t\t\t\t\t<div class=\"elementor-element elementor-element-9d5133e elementor-widget elementor-widget-spacer\" data-id=\"9d5133e\" data-element_type=\"widget\" data-widget_type=\"spacer.default\">\n\t\t\t\t<div class=\"elementor-widget-container\">\n\t\t\t\t\t\t\t<div class=\"elementor-spacer\">\n\t\t\t<div class=\"elementor-spacer-inner\"><\/div>\n\t\t<\/div>\n\t\t\t\t\t\t<\/div>\n\t\t\t\t<\/div>\n\t\t\t\t<div class=\"elementor-element elementor-element-48efcf7 elementor-widget elementor-widget-image\" data-id=\"48efcf7\" data-element_type=\"widget\" data-widget_type=\"image.default\">\n\t\t\t\t<div class=\"elementor-widget-container\">\n\t\t\t\t\t\t\t\t\t\t\t\t\t\t\t<img decoding=\"async\" src=\"https:\/\/2pai-nord.ci\/web\/wp-content\/uploads\/elementor\/thumbs\/COMPOSANTE-D-rerkk3ta7h6xe11au3wkob7cmol4y0h9zxbhn6rcgg.png\" title=\"COMPOSANTE D\" alt=\"COMPOSANTE D\" loading=\"lazy\" \/>\t\t\t\t\t\t\t\t\t\t\t\t\t\t\t<\/div>\n\t\t\t\t<\/div>\n\t\t\t\t\t<\/div>\n\t\t<\/div>\n\t\t<a class=\"eael-wrapper-link-cefcdb9 --eael-wrapper-link-tag\" href=\"https:\/\/2pai-nord.ci\/web\/composantes\/A\"><\/a>\t\t<div data-eael-wrapper-link=\"eael-wrapper-link-cefcdb9\" class=\"has_eae_slider elementor-column elementor-col-50 elementor-top-column elementor-element elementor-element-cefcdb9\" data-eae-slider=\"18849\" data-id=\"cefcdb9\" data-element_type=\"column\">\n\t\t\t<div class=\"elementor-widget-wrap elementor-element-populated\">\n\t\t\t\t\t\t<div class=\"elementor-element elementor-element-d8091c1 elementor-widget elementor-widget-spacer\" data-id=\"d8091c1\" data-element_type=\"widget\" data-widget_type=\"spacer.default\">\n\t\t\t\t<div class=\"elementor-widget-container\">\n\t\t\t\t\t\t\t<div class=\"elementor-spacer\">\n\t\t\t<div class=\"elementor-spacer-inner\"><\/div>\n\t\t<\/div>\n\t\t\t\t\t\t<\/div>\n\t\t\t\t<\/div>\n\t\t\t\t<div class=\"elementor-element elementor-element-321da5d elementor-widget elementor-widget-text-editor\" data-id=\"321da5d\" data-element_type=\"widget\" data-widget_type=\"text-editor.default\">\n\t\t\t\t<div class=\"elementor-widget-container\">\n\t\t\t\t\t\t\t\t\t<h1><strong>Coordination, Gestion et Suivi-Evaluation du Projet <\/strong><\/h1><p>Vise la coordination technique, op\u00e9rationnelle et financi\u00e8re des activit\u00e9s du projet ainsi que, la gestion administrative, comptable et financi\u00e8re et audit ; l\u2019acquisition des biens, travaux et services ; le suivi-\u00e9valuation interne et externe du projet ; l\u2019information, la communication ; l\u2019appui aux Directions R\u00e9gionales et D\u00e9partementales de l\u2019Agriculture et des Ressources Animales et Halieutiques ; l\u2019appui aux Directions Centrales du Minist\u00e8re en charge de l\u2019Agriculture.<\/p><h3 style=\"text-align: left;\"><span style=\"color: #008000;\"><span style=\"text-decoration: underline;\"><strong>D1<\/strong><\/span> : Aspects institutionnels et organes de gouvernance du projet<\/span><\/h3><h3 style=\"text-align: left;\"><span style=\"color: #008000;\"><strong><span style=\"text-decoration: underline;\">D2<\/span><\/strong> : Coordination et gestion du projet<\/span><\/h3>\t\t\t\t\t\t\t\t<\/div>\n\t\t\t\t<\/div>\n\t\t\t\t\t<\/div>\n\t\t<\/div>\n\t\t\t\t\t<\/div>\n\t\t<\/section>\n\t\t<div class=\"has_eae_slider elementor-element elementor-element-e520452 e-flex e-con-boxed e-con e-parent\" data-eae-slider=\"20112\" data-id=\"e520452\" data-element_type=\"container\">\n\t\t\t\t\t<div class=\"e-con-inner\">\n\t\t\t\t<div class=\"elementor-element elementor-element-2a0afea elementor-widget elementor-widget-spacer\" data-id=\"2a0afea\" data-element_type=\"widget\" data-widget_type=\"spacer.default\">\n\t\t\t\t<div class=\"elementor-widget-container\">\n\t\t\t\t\t\t\t<div class=\"elementor-spacer\">\n\t\t\t<div class=\"elementor-spacer-inner\"><\/div>\n\t\t<\/div>\n\t\t\t\t\t\t<\/div>\n\t\t\t\t<\/div>\n\t\t\t\t\t<\/div>\n\t\t\t\t<\/div>\n\t\t\t\t<\/div>\n\t\t","protected":false},"excerpt":{"rendered":"<p>Coordination, Gestion et Suivi-Evaluation du Projet Vise la coordination technique, op\u00e9rationnelle et financi\u00e8re des activit\u00e9s du projet ainsi que, la gestion administrative, comptable et financi\u00e8re<\/p>\n","protected":false},"author":1,"featured_media":0,"parent":0,"menu_order":0,"comment_status":"closed","ping_status":"closed","template":"","meta":{"_acf_changed":false,"_eb_attr":"","_monsterinsights_skip_tracking":false,"_monsterinsights_sitenote_active":false,"_monsterinsights_sitenote_note":"","_monsterinsights_sitenote_category":0,"footnotes":""},"class_list":["post-12515","page","type-page","status-publish","hentry"],"acf":[],"aioseo_notices":[],"_links":{"self":[{"href":"https:\/\/2pai-nord.ci\/web\/wp-json\/wp\/v2\/pages\/12515","targetHints":{"allow":["GET"]}}],"collection":[{"href":"https:\/\/2pai-nord.ci\/web\/wp-json\/wp\/v2\/pages"}],"about":[{"href":"https:\/\/2pai-nord.ci\/web\/wp-json\/wp\/v2\/types\/page"}],"author":[{"embeddable":true,"href":"https:\/\/2pai-nord.ci\/web\/wp-json\/wp\/v2\/users\/1"}],"replies":[{"embeddable":true,"href":"https:\/\/2pai-nord.ci\/web\/wp-json\/wp\/v2\/comments?post=12515"}],"version-history":[{"count":19,"href":"https:\/\/2pai-nord.ci\/web\/wp-json\/wp\/v2\/pages\/12515\/revisions"}],"predecessor-version":[{"id":12541,"href":"https:\/\/2pai-nord.ci\/web\/wp-json\/wp\/v2\/pages\/12515\/revisions\/12541"}],"wp:attachment":[{"href":"https:\/\/2pai-nord.ci\/web\/wp-json\/wp\/v2\/media?parent=12515"}],"curies":[{"name":"wp","href":"https:\/\/api.w.org\/{rel}","templated":true}]}}