{"id":4241,"date":"2025-03-01T19:17:54","date_gmt":"2025-03-01T18:17:54","guid":{"rendered":"https:\/\/2pai-nord.ci\/web\/?page_id=4241"},"modified":"2025-05-11T18:19:14","modified_gmt":"2025-05-11T18:19:14","slug":"dans-la-region-du-poro","status":"publish","type":"page","link":"https:\/\/2pai-nord.ci\/web\/dans-la-region-du-poro\/","title":{"rendered":"Dans la R\u00e9gion du Poro"},"content":{"rendered":"\t\t<div data-elementor-type=\"wp-post\" data-elementor-id=\"4241\" class=\"elementor elementor-4241\" data-elementor-post-type=\"page\">\n\t\t\t\t<div class=\"has_eae_slider elementor-element elementor-element-05bea2d e-flex e-con-boxed e-con e-parent\" data-eae-slider=\"50636\" data-id=\"05bea2d\" data-element_type=\"container\">\n\t\t\t\t\t<div class=\"e-con-inner\">\n\t\t\t\t<div class=\"elementor-element elementor-element-d3285fa elementor-widget elementor-widget-spacer\" data-id=\"d3285fa\" data-element_type=\"widget\" data-widget_type=\"spacer.default\">\n\t\t\t\t<div class=\"elementor-widget-container\">\n\t\t\t\t\t\t\t<div class=\"elementor-spacer\">\n\t\t\t<div class=\"elementor-spacer-inner\"><\/div>\n\t\t<\/div>\n\t\t\t\t\t\t<\/div>\n\t\t\t\t<\/div>\n\t\t\t\t\t<\/div>\n\t\t\t\t<\/div>\n\t\t<div class=\"has_eae_slider elementor-element elementor-element-be85418 e-con-full e-flex e-con e-parent\" data-eae-slider=\"24804\" data-id=\"be85418\" data-element_type=\"container\">\n\t\t<div class=\"has_eae_slider elementor-element elementor-element-8b1b331 e-con-full e-flex e-con e-child\" data-eae-slider=\"9362\" data-id=\"8b1b331\" data-element_type=\"container\">\n\t\t\t\t<div class=\"elementor-element elementor-element-8b169df elementor-widget__width-initial elementor-widget elementor-widget-text-editor\" data-id=\"8b169df\" data-element_type=\"widget\" data-widget_type=\"text-editor.default\">\n\t\t\t\t<div class=\"elementor-widget-container\">\n\t\t\t\t\t\t\t\t\t<p>Le Comit\u00e9 fait office de groupe consultatif ind\u00e9pendant charg\u00e9 de fournir au Directeur g\u00e9n\u00e9ral et au Comit\u00e9 financier des avis sur les modalit\u00e9s de contr\u00f4le interne, les proc\u00e9dures de gestion des risques, l\u2019\u00e9tablissement des rapports financiers et les fonctions de v\u00e9rification interne, d\u2019enqu\u00eate et d\u2019\u00e9thique de l\u2019Organisation. Il tient compte \u00e0 cette fin du R\u00e8glement financier et des R\u00e8gles de gestion financi\u00e8re ainsi que des politiques et proc\u00e9dures applicables \u00e0 la 2AIP-NORD et \u00e0 l\u2019environnement dans lequel elle op\u00e8re.<\/p>\t\t\t\t\t\t\t\t<\/div>\n\t\t\t\t<\/div>\n\t\t\t\t<\/div>\n\t\t\t\t<\/div>\n\t\t<div class=\"has_eae_slider elementor-element elementor-element-4f7bf62 e-con-full e-flex e-con e-parent\" data-eae-slider=\"69890\" data-id=\"4f7bf62\" data-element_type=\"container\">\n\t\t\t\t<div class=\"elementor-element elementor-element-0f63264 elementor-widget elementor-widget-html\" data-id=\"0f63264\" data-element_type=\"widget\" data-widget_type=\"html.default\">\n\t\t\t\t<div class=\"elementor-widget-container\">\n\t\t\t\t\t<div id=\"map\" style=\"height: 300px;\"><\/div>\n\n<script>\n\/\/ Initialisation de la carte centr\u00e9e sur la R\u00e9gion du Poro\nvar map = L.map('map').setView([9.4, -5.6], 9); \/\/ Coordonn\u00e9es approximatives\n\n\/\/ Ajout du fond de carte OpenStreetMap\nL.tileLayer('https:\/\/{s}.tile.openstreetmap.org\/{z}\/{x}\/{y}.png', {\n    attribution: '\u00a9 OpenStreetMap contributors'\n}).addTo(map);\n\n\/\/ D\u00e9finition des coordonn\u00e9es du polygone (limites approximatives de la R\u00e9gion du Poro)\nvar regionCoords = [\n    [9.7, -5.9],\n    [9.8, -5.4],\n    [9.5, -5.2],\n    [9.2, -5.3],\n    [9.0, -5.5],\n    [9.1, -5.9],\n    [9.4, -6.0],\n    [9.7, -5.9]\n];\n\n\/\/ Ajout du polygone pour d\u00e9limiter la R\u00e9gion du Poro\nvar region = L.polygon(regionCoords, {\n    color: 'green',        \/\/ Couleur du contour\n    weight: 2,             \/\/ \u00c9paisseur de la bordure\n    fillColor: '#66cc66',  \/\/ Couleur de remplissage\n    fillOpacity: 0.4       \/\/ Transparence\n}).addTo(map);\n\nregion.bindPopup(\"R\u00e9gion du Poro\"); \/\/ Info-bulle sur le polygone\n\n\/\/ Ajout de marqueurs pour les principales villes de la r\u00e9gion\nvar villes = [\n    {name: \"Korhogo\", coords: [9.42, -5.62]},  \/\/ Chef-lieu\n    {name: \"Sin\u00e9matiali\", coords: [9.57, -5.38]},\n    {name: \"Dikodougou\", coords: [9.05, -5.69]},\n    {name: \"M'Bengu\u00e9\", coords: [9.80, -6.00]}\n];\n\nvilles.forEach(ville => {\n    L.marker(ville.coords).addTo(map)\n     .bindPopup(\"<b>\" + ville.name + \"<\/b>\")\n     .openPopup();\n});\n\n<\/script>\n\t\t\t\t<\/div>\n\t\t\t\t<\/div>\n\t\t\t\t<\/div>\n\t\t<div class=\"has_eae_slider elementor-element elementor-element-ed17d12 e-con-full e-flex e-con e-parent\" data-eae-slider=\"60358\" data-id=\"ed17d12\" data-element_type=\"container\">\n\t\t<div class=\"has_eae_slider elementor-element elementor-element-3eb62a4 e-con-full e-flex e-con e-child\" data-eae-slider=\"64624\" data-id=\"3eb62a4\" data-element_type=\"container\">\n\t\t\t\t<div class=\"elementor-element elementor-element-9224a28 elementor-widget elementor-widget-heading\" data-id=\"9224a28\" data-element_type=\"widget\" data-widget_type=\"heading.default\">\n\t\t\t\t<div class=\"elementor-widget-container\">\n\t\t\t\t\t<h4 class=\"elementor-heading-title elementor-size-default\">Nos activit\u00e9s en images<\/h4>\t\t\t\t<\/div>\n\t\t\t\t<\/div>\n\t\t\t\t<div class=\"elementor-element elementor-element-e8af028 eael-fg-hoverer-content-align-left elementor-widget elementor-widget-eael-filterable-gallery\" data-id=\"e8af028\" data-element_type=\"widget\" data-settings=\"{&quot;photo_gallery&quot;:&quot;yes&quot;,&quot;pagination&quot;:&quot;false&quot;}\" data-widget_type=\"eael-filterable-gallery.default\">\n\t\t\t\t<div class=\"elementor-widget-container\">\n\t\t\t\t\t<style id=\"eael-fg-inline-css-e8af028\">@media only screen and (max-width: 2399px) {\n\t\t\t\t\t.elementor-element.elementor-element-e8af028 .eael-filterable-gallery-item-wrap {\n\t\t\t\t\t        width: 25%;\n\t\t\t\t\t    }\n\t\t\t\t\t}@media only screen and (max-width: 1024px) {\n\t\t\t\t\t.elementor-element.elementor-element-e8af028  .eael-filterable-gallery-item-wrap {\n\t\t\t\t\t        width: 50%;\n\t\t\t\t\t    }\n\t\t\t\t\t}@media only screen and (max-width: 767px) {\n\t\t\t\t\t.elementor-element.elementor-element-e8af028  .eael-filterable-gallery-item-wrap {\n\t\t\t\t\t        width: 100%;\n\t\t\t\t\t    }\n\t\t\t\t\t}<\/style>        <div id=\"eael-filter-gallery-wrapper-e8af028\" class=\"eael-filter-gallery-wrapper\" data-layout-mode=\"hoverer\" data-breakpoints=\"{&quot;mobile&quot;:{&quot;label&quot;:&quot;Portrait mobile&quot;,&quot;value&quot;:767,&quot;default_value&quot;:767,&quot;direction&quot;:&quot;max&quot;,&quot;is_enabled&quot;:true},&quot;mobile_extra&quot;:{&quot;label&quot;:&quot;Mobile Paysage&quot;,&quot;value&quot;:880,&quot;default_value&quot;:880,&quot;direction&quot;:&quot;max&quot;,&quot;is_enabled&quot;:false},&quot;tablet&quot;:{&quot;label&quot;:&quot;Tablette en mode portrait&quot;,&quot;value&quot;:1024,&quot;default_value&quot;:1024,&quot;direction&quot;:&quot;max&quot;,&quot;is_enabled&quot;:true},&quot;tablet_extra&quot;:{&quot;label&quot;:&quot;Tablette en mode paysage&quot;,&quot;value&quot;:1200,&quot;default_value&quot;:1200,&quot;direction&quot;:&quot;max&quot;,&quot;is_enabled&quot;:false},&quot;laptop&quot;:{&quot;label&quot;:&quot;Portable&quot;,&quot;value&quot;:1366,&quot;default_value&quot;:1366,&quot;direction&quot;:&quot;max&quot;,&quot;is_enabled&quot;:false},&quot;widescreen&quot;:{&quot;label&quot;:&quot;\\u00c9cran large&quot;,&quot;value&quot;:2400,&quot;default_value&quot;:2400,&quot;direction&quot;:&quot;min&quot;,&quot;is_enabled&quot;:false}}\" data-default_control_key=\"0\" data-custom_default_control=\"1\">\n                    <div class=\"eael-filter-gallery-container eael-filter-gallery-grid\" data-images-per-page=\"\" data-total-gallery-items=\"4\" data-nomore-item-text=\"\" data-is-randomize=\"no\" data-settings=\"{&quot;grid_style&quot;:&quot;grid&quot;,&quot;popup&quot;:&quot;media&quot;,&quot;duration&quot;:500,&quot;gallery_enabled&quot;:&quot;yes&quot;,&quot;video_gallery_yt_privacy&quot;:&quot;&quot;,&quot;control_all_text&quot;:null,&quot;post_id&quot;:4241,&quot;widget_id&quot;:&quot;e8af028&quot;}\" data-search-all=\"\" data-gallery-items=\"WyI8ZGl2IGNsYXNzPVwiZWFlbC1maWx0ZXJhYmxlLWdhbGxlcnktaXRlbS13cmFwXCI+XG5cdFx0XHRcdDxkaXYgY2xhc3M9XCJlYWVsLWdhbGxlcnktZ3JpZC1pdGVtXCI+PGRpdiBjbGFzcz1cImdhbGxlcnktaXRlbS10aHVtYm5haWwtd3JhcFwiPjxpbWcgc3JjPVwiaHR0cHM6XC9cLzJwYWktbm9yZC5jaVwvd2ViXC93cC1jb250ZW50XC91cGxvYWRzXC8yMDI1XC8wM1wvSU1HXzA2MzAtc2NhbGVkLmpwZ1wiIGRhdGEtbGF6eS1zcmM9XCJodHRwczpcL1wvMnBhaS1ub3JkLmNpXC93ZWJcL3dwLWNvbnRlbnRcL3VwbG9hZHNcLzIwMjVcLzAzXC9JTUdfMDYzMC1zY2FsZWQuanBnXCIgYWx0PVwiTmF0aW9rb2JhZGFyYVwiIGNsYXNzPVwiZ2FsbGVyeS1pdGVtLXRodW1ibmFpbFwiPjxcL2Rpdj48YSBhcmVhLWhpZGRlbj1cInRydWVcIiBhcmlhLWxhYmVsPVwiZWFlbC1tYWduaWZpYy1saW5rXCIgaHJlZj1cImh0dHBzOlwvXC8ycGFpLW5vcmQuY2lcL3dlYlwvd3AtY29udGVudFwvdXBsb2Fkc1wvMjAyNVwvMDNcL0lNR18wNjMwLXNjYWxlZC5qcGdcIiBjbGFzcz1cImVhZWwtbWFnbmlmaWMtbGluayBlYWVsLW1hZ25pZmljLWxpbmstY2xvbmUgYWN0aXZlIG1lZGlhLWNvbnRlbnQtd3JhcFwiIGRhdGEtZWxlbWVudG9yLW9wZW4tbGlnaHRib3g9XCJ5ZXNcIiB0aXRsZT1cIk5hdGlva29iYWRhcmFcIj48ZGl2IGNsYXNzPVwiZ2FsbGVyeS1pdGVtLWNhcHRpb24td3JhcCBjYXB0aW9uLXN0eWxlLWhvdmVyZXIgZWFlbC1zbGlkZS11cFwiPjxkaXYgY2xhc3M9XCJnYWxsZXJ5LWl0ZW0taG92ZXJlci1iZ1wiPjxcL2Rpdj48ZGl2IGNsYXNzPVwiZ2FsbGVyeS1pdGVtLWNhcHRpb24tb3ZlclwiPjxhIGhyZWY9XCIjXCI+PGg1IGNsYXNzPVwiZmctaXRlbS10aXRsZVwiPk5hdGlva29iYWRhcmE8XC9oNT48XC9hPjxcL2Rpdj48XC9kaXY+PFwvYT48XC9kaXY+PFwvZGl2PiIsIjxkaXYgY2xhc3M9XCJlYWVsLWZpbHRlcmFibGUtZ2FsbGVyeS1pdGVtLXdyYXBcIj5cblx0XHRcdFx0PGRpdiBjbGFzcz1cImVhZWwtZ2FsbGVyeS1ncmlkLWl0ZW1cIj48ZGl2IGNsYXNzPVwiZ2FsbGVyeS1pdGVtLXRodW1ibmFpbC13cmFwXCI+PGltZyBzcmM9XCJodHRwczpcL1wvMnBhaS1ub3JkLmNpXC93ZWJcL3dwLWNvbnRlbnRcL3VwbG9hZHNcLzIwMjVcLzAzXC9JTUdfMDczMS1zY2FsZWQuanBnXCIgZGF0YS1sYXp5LXNyYz1cImh0dHBzOlwvXC8ycGFpLW5vcmQuY2lcL3dlYlwvd3AtY29udGVudFwvdXBsb2Fkc1wvMjAyNVwvMDNcL0lNR18wNzMxLXNjYWxlZC5qcGdcIiBhbHQ9XCJTaW5cdTAwZTltYXRpYWxpIFx1MDBlOWNoYW5nZXMgY29tbXVuYXV0YWlyZXNcIiBjbGFzcz1cImdhbGxlcnktaXRlbS10aHVtYm5haWxcIj48XC9kaXY+PGEgYXJlYS1oaWRkZW49XCJ0cnVlXCIgYXJpYS1sYWJlbD1cImVhZWwtbWFnbmlmaWMtbGlua1wiIGhyZWY9XCJodHRwczpcL1wvMnBhaS1ub3JkLmNpXC93ZWJcL3dwLWNvbnRlbnRcL3VwbG9hZHNcLzIwMjVcLzAzXC9JTUdfMDczMS1zY2FsZWQuanBnXCIgY2xhc3M9XCJlYWVsLW1hZ25pZmljLWxpbmsgZWFlbC1tYWduaWZpYy1saW5rLWNsb25lIGFjdGl2ZSBtZWRpYS1jb250ZW50LXdyYXBcIiBkYXRhLWVsZW1lbnRvci1vcGVuLWxpZ2h0Ym94PVwieWVzXCIgdGl0bGU9XCJTaW5cdTAwZTltYXRpYWxpIFx1MDBlOWNoYW5nZXMgY29tbXVuYXV0YWlyZXNcIj48ZGl2IGNsYXNzPVwiZ2FsbGVyeS1pdGVtLWNhcHRpb24td3JhcCBjYXB0aW9uLXN0eWxlLWhvdmVyZXIgZWFlbC1zbGlkZS11cFwiPjxkaXYgY2xhc3M9XCJnYWxsZXJ5LWl0ZW0taG92ZXJlci1iZ1wiPjxcL2Rpdj48ZGl2IGNsYXNzPVwiZ2FsbGVyeS1pdGVtLWNhcHRpb24tb3ZlclwiPjxhIGhyZWY9XCIjXCI+PGg1IGNsYXNzPVwiZmctaXRlbS10aXRsZVwiPlNpblx1MDBlOW1hdGlhbGkgXHUwMGU5Y2hhbmdlcyBjb21tdW5hdXRhaXJlczxcL2g1PjxcL2E+PFwvZGl2PjxcL2Rpdj48XC9hPjxcL2Rpdj48XC9kaXY+IiwiPGRpdiBjbGFzcz1cImVhZWwtZmlsdGVyYWJsZS1nYWxsZXJ5LWl0ZW0td3JhcFwiPlxuXHRcdFx0XHQ8ZGl2IGNsYXNzPVwiZWFlbC1nYWxsZXJ5LWdyaWQtaXRlbVwiPjxkaXYgY2xhc3M9XCJnYWxsZXJ5LWl0ZW0tdGh1bWJuYWlsLXdyYXBcIj48aW1nIHNyYz1cImh0dHBzOlwvXC8ycGFpLW5vcmQuY2lcL3dlYlwvd3AtY29udGVudFwvdXBsb2Fkc1wvMjAyNVwvMDNcL0lNR18wNzI2LXNjYWxlZC5qcGdcIiBkYXRhLWxhenktc3JjPVwiaHR0cHM6XC9cLzJwYWktbm9yZC5jaVwvd2ViXC93cC1jb250ZW50XC91cGxvYWRzXC8yMDI1XC8wM1wvSU1HXzA3MjYtc2NhbGVkLmpwZ1wiIGFsdD1cIlNpblx1MDBlOW1hdGlhbGkgXHUwMGU5Y2hhbmdlcyBjb21tdW5hdXRhaXJlc1wiIGNsYXNzPVwiZ2FsbGVyeS1pdGVtLXRodW1ibmFpbFwiPjxcL2Rpdj48YSBhcmVhLWhpZGRlbj1cInRydWVcIiBhcmlhLWxhYmVsPVwiZWFlbC1tYWduaWZpYy1saW5rXCIgaHJlZj1cImh0dHBzOlwvXC8ycGFpLW5vcmQuY2lcL3dlYlwvd3AtY29udGVudFwvdXBsb2Fkc1wvMjAyNVwvMDNcL0lNR18wNzI2LXNjYWxlZC5qcGdcIiBjbGFzcz1cImVhZWwtbWFnbmlmaWMtbGluayBlYWVsLW1hZ25pZmljLWxpbmstY2xvbmUgYWN0aXZlIG1lZGlhLWNvbnRlbnQtd3JhcFwiIGRhdGEtZWxlbWVudG9yLW9wZW4tbGlnaHRib3g9XCJ5ZXNcIiB0aXRsZT1cIlNpblx1MDBlOW1hdGlhbGkgXHUwMGU5Y2hhbmdlcyBjb21tdW5hdXRhaXJlc1wiPjxkaXYgY2xhc3M9XCJnYWxsZXJ5LWl0ZW0tY2FwdGlvbi13cmFwIGNhcHRpb24tc3R5bGUtaG92ZXJlciBlYWVsLXNsaWRlLXVwXCI+PGRpdiBjbGFzcz1cImdhbGxlcnktaXRlbS1ob3ZlcmVyLWJnXCI+PFwvZGl2PjxkaXYgY2xhc3M9XCJnYWxsZXJ5LWl0ZW0tY2FwdGlvbi1vdmVyXCI+PGEgaHJlZj1cIiNcIj48aDUgY2xhc3M9XCJmZy1pdGVtLXRpdGxlXCI+U2luXHUwMGU5bWF0aWFsaSBcdTAwZTljaGFuZ2VzIGNvbW11bmF1dGFpcmVzPFwvaDU+PFwvYT48XC9kaXY+PFwvZGl2PjxcL2E+PFwvZGl2PjxcL2Rpdj4iLCI8ZGl2IGNsYXNzPVwiZWFlbC1maWx0ZXJhYmxlLWdhbGxlcnktaXRlbS13cmFwXCI+XG5cdFx0XHRcdDxkaXYgY2xhc3M9XCJlYWVsLWdhbGxlcnktZ3JpZC1pdGVtXCI+PGRpdiBjbGFzcz1cImdhbGxlcnktaXRlbS10aHVtYm5haWwtd3JhcFwiPjxpbWcgc3JjPVwiaHR0cHM6XC9cLzJwYWktbm9yZC5jaVwvd2ViXC93cC1jb250ZW50XC91cGxvYWRzXC8yMDI1XC8wM1wvSU1HXzA3NTQtc2NhbGVkLmpwZ1wiIGRhdGEtbGF6eS1zcmM9XCJodHRwczpcL1wvMnBhaS1ub3JkLmNpXC93ZWJcL3dwLWNvbnRlbnRcL3VwbG9hZHNcLzIwMjVcLzAzXC9JTUdfMDc1NC1zY2FsZWQuanBnXCIgYWx0PVwiU2luXHUwMGU5bWF0aWFsaSBQYXJjXCIgY2xhc3M9XCJnYWxsZXJ5LWl0ZW0tdGh1bWJuYWlsXCI+PFwvZGl2PjxhIGFyZWEtaGlkZGVuPVwidHJ1ZVwiIGFyaWEtbGFiZWw9XCJlYWVsLW1hZ25pZmljLWxpbmtcIiBocmVmPVwiaHR0cHM6XC9cLzJwYWktbm9yZC5jaVwvd2ViXC93cC1jb250ZW50XC91cGxvYWRzXC8yMDI1XC8wM1wvSU1HXzA3NTQtc2NhbGVkLmpwZ1wiIGNsYXNzPVwiZWFlbC1tYWduaWZpYy1saW5rIGVhZWwtbWFnbmlmaWMtbGluay1jbG9uZSBhY3RpdmUgbWVkaWEtY29udGVudC13cmFwXCIgZGF0YS1lbGVtZW50b3Itb3Blbi1saWdodGJveD1cInllc1wiIHRpdGxlPVwiU2luXHUwMGU5bWF0aWFsaSBQYXJjXCI+PGRpdiBjbGFzcz1cImdhbGxlcnktaXRlbS1jYXB0aW9uLXdyYXAgY2FwdGlvbi1zdHlsZS1ob3ZlcmVyIGVhZWwtc2xpZGUtdXBcIj48ZGl2IGNsYXNzPVwiZ2FsbGVyeS1pdGVtLWhvdmVyZXItYmdcIj48XC9kaXY+PGRpdiBjbGFzcz1cImdhbGxlcnktaXRlbS1jYXB0aW9uLW92ZXJcIj48YSBocmVmPVwiI1wiPjxoNSBjbGFzcz1cImZnLWl0ZW0tdGl0bGVcIj5TaW5cdTAwZTltYXRpYWxpIFBhcmM8XC9oNT48XC9hPjxcL2Rpdj48XC9kaXY+PFwvYT48XC9kaXY+PFwvZGl2PiJd\" data-init-show=\"8\">\n            <div class=\"eael-filterable-gallery-item-wrap\">\n\t\t\t\t<div class=\"eael-gallery-grid-item\"><div class=\"gallery-item-thumbnail-wrap\"><img decoding=\"async\" src=\"https:\/\/2pai-nord.ci\/web\/wp-content\/uploads\/2025\/03\/IMG_0630-scaled.jpg\" data-lazy-src=\"https:\/\/2pai-nord.ci\/web\/wp-content\/uploads\/2025\/03\/IMG_0630-scaled.jpg\" alt=\"Natiokobadara\" class=\"gallery-item-thumbnail\"><\/div><a area-hidden=\"true\" aria-label=\"eael-magnific-link\" href=\"https:\/\/2pai-nord.ci\/web\/wp-content\/uploads\/2025\/03\/IMG_0630-scaled.jpg\" class=\"eael-magnific-link eael-magnific-link-clone active media-content-wrap\" data-elementor-open-lightbox=\"yes\" title=\"Natiokobadara\"><div class=\"gallery-item-caption-wrap caption-style-hoverer eael-slide-up\"><div class=\"gallery-item-hoverer-bg\"><\/div><div class=\"gallery-item-caption-over\"><a href=\"#\"><h5 class=\"fg-item-title\">Natiokobadara<\/h5><\/a><\/div><\/div><\/a><\/div><\/div><div class=\"eael-filterable-gallery-item-wrap\">\n\t\t\t\t<div class=\"eael-gallery-grid-item\"><div class=\"gallery-item-thumbnail-wrap\"><img decoding=\"async\" src=\"https:\/\/2pai-nord.ci\/web\/wp-content\/uploads\/2025\/03\/IMG_0731-scaled.jpg\" data-lazy-src=\"https:\/\/2pai-nord.ci\/web\/wp-content\/uploads\/2025\/03\/IMG_0731-scaled.jpg\" alt=\"Sin\u00e9matiali \u00e9changes communautaires\" class=\"gallery-item-thumbnail\"><\/div><a area-hidden=\"true\" aria-label=\"eael-magnific-link\" href=\"https:\/\/2pai-nord.ci\/web\/wp-content\/uploads\/2025\/03\/IMG_0731-scaled.jpg\" class=\"eael-magnific-link eael-magnific-link-clone active media-content-wrap\" data-elementor-open-lightbox=\"yes\" title=\"Sin\u00e9matiali \u00e9changes communautaires\"><div class=\"gallery-item-caption-wrap caption-style-hoverer eael-slide-up\"><div class=\"gallery-item-hoverer-bg\"><\/div><div class=\"gallery-item-caption-over\"><a href=\"#\"><h5 class=\"fg-item-title\">Sin\u00e9matiali \u00e9changes communautaires<\/h5><\/a><\/div><\/div><\/a><\/div><\/div><div class=\"eael-filterable-gallery-item-wrap\">\n\t\t\t\t<div class=\"eael-gallery-grid-item\"><div class=\"gallery-item-thumbnail-wrap\"><img decoding=\"async\" src=\"https:\/\/2pai-nord.ci\/web\/wp-content\/uploads\/2025\/03\/IMG_0726-scaled.jpg\" data-lazy-src=\"https:\/\/2pai-nord.ci\/web\/wp-content\/uploads\/2025\/03\/IMG_0726-scaled.jpg\" alt=\"Sin\u00e9matiali \u00e9changes communautaires\" class=\"gallery-item-thumbnail\"><\/div><a area-hidden=\"true\" aria-label=\"eael-magnific-link\" href=\"https:\/\/2pai-nord.ci\/web\/wp-content\/uploads\/2025\/03\/IMG_0726-scaled.jpg\" class=\"eael-magnific-link eael-magnific-link-clone active media-content-wrap\" data-elementor-open-lightbox=\"yes\" title=\"Sin\u00e9matiali \u00e9changes communautaires\"><div class=\"gallery-item-caption-wrap caption-style-hoverer eael-slide-up\"><div class=\"gallery-item-hoverer-bg\"><\/div><div class=\"gallery-item-caption-over\"><a href=\"#\"><h5 class=\"fg-item-title\">Sin\u00e9matiali \u00e9changes communautaires<\/h5><\/a><\/div><\/div><\/a><\/div><\/div><div class=\"eael-filterable-gallery-item-wrap\">\n\t\t\t\t<div class=\"eael-gallery-grid-item\"><div class=\"gallery-item-thumbnail-wrap\"><img decoding=\"async\" src=\"https:\/\/2pai-nord.ci\/web\/wp-content\/uploads\/2025\/03\/IMG_0754-scaled.jpg\" data-lazy-src=\"https:\/\/2pai-nord.ci\/web\/wp-content\/uploads\/2025\/03\/IMG_0754-scaled.jpg\" alt=\"Sin\u00e9matiali Parc\" class=\"gallery-item-thumbnail\"><\/div><a area-hidden=\"true\" aria-label=\"eael-magnific-link\" href=\"https:\/\/2pai-nord.ci\/web\/wp-content\/uploads\/2025\/03\/IMG_0754-scaled.jpg\" class=\"eael-magnific-link eael-magnific-link-clone active media-content-wrap\" data-elementor-open-lightbox=\"yes\" title=\"Sin\u00e9matiali Parc\"><div class=\"gallery-item-caption-wrap caption-style-hoverer eael-slide-up\"><div class=\"gallery-item-hoverer-bg\"><\/div><div class=\"gallery-item-caption-over\"><a href=\"#\"><h5 class=\"fg-item-title\">Sin\u00e9matiali Parc<\/h5><\/a><\/div><\/div><\/a><\/div><\/div>        <\/div>\n                <\/div>\n        \n        \t\t\t\t<\/div>\n\t\t\t\t<\/div>\n\t\t\t\t<\/div>\n\t\t\t\t<\/div>\n\t\t\t\t<\/div>\n\t\t","protected":false},"excerpt":{"rendered":"<p>Le Comit\u00e9 fait office de groupe consultatif ind\u00e9pendant charg\u00e9 de fournir au Directeur g\u00e9n\u00e9ral et au Comit\u00e9 financier des avis sur les modalit\u00e9s de contr\u00f4le<\/p>\n","protected":false},"author":1,"featured_media":0,"parent":0,"menu_order":0,"comment_status":"closed","ping_status":"closed","template":"","meta":{"_acf_changed":false,"_eb_attr":"","_monsterinsights_skip_tracking":false,"_monsterinsights_sitenote_active":false,"_monsterinsights_sitenote_note":"","_monsterinsights_sitenote_category":0,"footnotes":""},"class_list":["post-4241","page","type-page","status-publish","hentry"],"acf":[],"aioseo_notices":[],"_links":{"self":[{"href":"https:\/\/2pai-nord.ci\/web\/wp-json\/wp\/v2\/pages\/4241","targetHints":{"allow":["GET"]}}],"collection":[{"href":"https:\/\/2pai-nord.ci\/web\/wp-json\/wp\/v2\/pages"}],"about":[{"href":"https:\/\/2pai-nord.ci\/web\/wp-json\/wp\/v2\/types\/page"}],"author":[{"embeddable":true,"href":"https:\/\/2pai-nord.ci\/web\/wp-json\/wp\/v2\/users\/1"}],"replies":[{"embeddable":true,"href":"https:\/\/2pai-nord.ci\/web\/wp-json\/wp\/v2\/comments?post=4241"}],"version-history":[{"count":12,"href":"https:\/\/2pai-nord.ci\/web\/wp-json\/wp\/v2\/pages\/4241\/revisions"}],"predecessor-version":[{"id":6954,"href":"https:\/\/2pai-nord.ci\/web\/wp-json\/wp\/v2\/pages\/4241\/revisions\/6954"}],"wp:attachment":[{"href":"https:\/\/2pai-nord.ci\/web\/wp-json\/wp\/v2\/media?parent=4241"}],"curies":[{"name":"wp","href":"https:\/\/api.w.org\/{rel}","templated":true}]}}