{"id":6913,"date":"2025-05-11T17:08:03","date_gmt":"2025-05-11T17:08:03","guid":{"rendered":"https:\/\/2pai-nord.ci\/web\/?page_id=6913"},"modified":"2025-05-11T17:28:17","modified_gmt":"2025-05-11T17:28:17","slug":"zones-dintervention","status":"publish","type":"page","link":"https:\/\/2pai-nord.ci\/web\/zones-dintervention\/","title":{"rendered":"Zones d\u2019intervention"},"content":{"rendered":"\t\t<div data-elementor-type=\"wp-page\" data-elementor-id=\"6913\" class=\"elementor elementor-6913\" data-elementor-post-type=\"page\">\n\t\t\t\t<div class=\"has_eae_slider elementor-element elementor-element-7cde88e7 e-flex e-con-boxed e-con e-parent\" data-eae-slider=\"60582\" data-id=\"7cde88e7\" data-element_type=\"container\">\n\t\t\t\t\t<div class=\"e-con-inner\">\n\t\t\t\t<div class=\"elementor-element elementor-element-189f589c elementor-widget elementor-widget-text-editor\" data-id=\"189f589c\" data-element_type=\"widget\" data-widget_type=\"text-editor.default\">\n\t\t\t\t<div class=\"elementor-widget-container\">\n\t\t\t\t\t\t\t\t\t<table width=\"695\"><tbody><tr><td width=\"482\"><p>\u00a0Quatre (4) r\u00e9gions du Nord du pays (<strong>Poro, Bagou\u00e9, Tchologo et Hambol<\/strong>), repr\u00e9sentant au total <strong>26%<\/strong> du territoire national avec une population estim\u00e9e \u00e0 2 268 000 habitants en 2018.<\/p><\/td><\/tr><\/tbody><\/table>\t\t\t\t\t\t\t\t<\/div>\n\t\t\t\t<\/div>\n\t\t\t\t\t<\/div>\n\t\t\t\t<\/div>\n\t\t<div class=\"has_eae_slider elementor-element elementor-element-78013bc e-flex e-con-boxed e-con e-parent\" data-eae-slider=\"16698\" data-id=\"78013bc\" data-element_type=\"container\">\n\t\t\t\t\t<div class=\"e-con-inner\">\n\t\t\t\t<div class=\"elementor-element elementor-element-670173c elementor-widget elementor-widget-heading\" data-id=\"670173c\" data-element_type=\"widget\" data-widget_type=\"heading.default\">\n\t\t\t\t<div class=\"elementor-widget-container\">\n\t\t\t\t\t<h4 class=\"elementor-heading-title elementor-size-default\">En savoir plus<\/h4>\t\t\t\t<\/div>\n\t\t\t\t<\/div>\n\t\t\t\t\t<\/div>\n\t\t\t\t<\/div>\n\t\t<div class=\"has_eae_slider elementor-element elementor-element-084e3c1 e-grid e-con-full e-con e-parent\" data-eae-slider=\"75413\" data-id=\"084e3c1\" data-element_type=\"container\">\n\t\t\t\t<div class=\"elementor-element elementor-element-4e56a7a elementor-widget elementor-widget-heading\" data-id=\"4e56a7a\" data-element_type=\"widget\" data-widget_type=\"heading.default\">\n\t\t\t\t<div class=\"elementor-widget-container\">\n\t\t\t\t\t<h5 class=\"elementor-heading-title elementor-size-default\"><a href=\"https:\/\/2pai-nord.ci\/web\/dans-la-region-de-la-bagoue\/\">\nDans le r\u00e9gion de la BAGOUE<\/a><\/h5>\t\t\t\t<\/div>\n\t\t\t\t<\/div>\n\t\t\t\t<div class=\"elementor-element elementor-element-67fa6b3 elementor-widget elementor-widget-heading\" data-id=\"67fa6b3\" data-element_type=\"widget\" data-widget_type=\"heading.default\">\n\t\t\t\t<div class=\"elementor-widget-container\">\n\t\t\t\t\t<h5 class=\"elementor-heading-title elementor-size-default\"><a href=\"https:\/\/2pai-nord.ci\/web\/dans-la-region-du-poro\/\">\nDans le r\u00e9gion du PORO<\/a><\/h5>\t\t\t\t<\/div>\n\t\t\t\t<\/div>\n\t\t\t\t<div class=\"elementor-element elementor-element-bfdac03 elementor-widget elementor-widget-heading\" data-id=\"bfdac03\" data-element_type=\"widget\" data-widget_type=\"heading.default\">\n\t\t\t\t<div class=\"elementor-widget-container\">\n\t\t\t\t\t<h5 class=\"elementor-heading-title elementor-size-default\"><a href=\"https:\/\/2pai-nord.ci\/web\/dans-la-region-du-hambol\/\">\nDans le r\u00e9gion du HAMBOL<\/a><\/h5>\t\t\t\t<\/div>\n\t\t\t\t<\/div>\n\t\t\t\t<div class=\"elementor-element elementor-element-2727ecc elementor-widget elementor-widget-heading\" data-id=\"2727ecc\" data-element_type=\"widget\" data-widget_type=\"heading.default\">\n\t\t\t\t<div class=\"elementor-widget-container\">\n\t\t\t\t\t<h5 class=\"elementor-heading-title elementor-size-default\"><a href=\"https:\/\/2pai-nord.ci\/web\/dans-la-region-du-tchologo\/\">\nDans le r\u00e9gion du TCHOLOGO<\/a><\/h5>\t\t\t\t<\/div>\n\t\t\t\t<\/div>\n\t\t\t\t<\/div>\n\t\t<div class=\"has_eae_slider elementor-element elementor-element-b4985f4 e-flex e-con-boxed e-con e-parent\" data-eae-slider=\"66483\" data-id=\"b4985f4\" data-element_type=\"container\">\n\t\t\t\t\t<div class=\"e-con-inner\">\n\t\t\t\t<div class=\"elementor-element elementor-element-f21a04d elementor-widget elementor-widget-image\" data-id=\"f21a04d\" data-element_type=\"widget\" data-widget_type=\"image.default\">\n\t\t\t\t<div class=\"elementor-widget-container\">\n\t\t\t\t\t\t\t\t\t\t\t\t\t\t\t<img fetchpriority=\"high\" decoding=\"async\" width=\"1024\" height=\"975\" src=\"https:\/\/2pai-nord.ci\/web\/wp-content\/uploads\/2025\/04\/Zone-du-projet-ci-1024x975.webp\" class=\"attachment-large size-large wp-image-6187\" alt=\"\" srcset=\"https:\/\/2pai-nord.ci\/web\/wp-content\/uploads\/2025\/04\/Zone-du-projet-ci-1024x975.webp 1024w, https:\/\/2pai-nord.ci\/web\/wp-content\/uploads\/2025\/04\/Zone-du-projet-ci-300x286.webp 300w, https:\/\/2pai-nord.ci\/web\/wp-content\/uploads\/2025\/04\/Zone-du-projet-ci-768x731.webp 768w, https:\/\/2pai-nord.ci\/web\/wp-content\/uploads\/2025\/04\/Zone-du-projet-ci-600x571.webp 600w, https:\/\/2pai-nord.ci\/web\/wp-content\/uploads\/2025\/04\/Zone-du-projet-ci.webp 1417w\" sizes=\"(max-width: 1024px) 100vw, 1024px\" \/>\t\t\t\t\t\t\t\t\t\t\t\t\t\t\t<\/div>\n\t\t\t\t<\/div>\n\t\t\t\t\t<\/div>\n\t\t\t\t<\/div>\n\t\t\t\t<\/div>\n\t\t","protected":false},"excerpt":{"rendered":"<p>\u00a0Quatre (4) r\u00e9gions du Nord du pays (Poro, Bagou\u00e9, Tchologo et Hambol), repr\u00e9sentant au total 26% du territoire national avec une population estim\u00e9e \u00e0 2<\/p>\n","protected":false},"author":2,"featured_media":0,"parent":0,"menu_order":0,"comment_status":"closed","ping_status":"closed","template":"","meta":{"_acf_changed":false,"_eb_attr":"","_monsterinsights_skip_tracking":false,"_monsterinsights_sitenote_active":false,"_monsterinsights_sitenote_note":"","_monsterinsights_sitenote_category":0,"footnotes":""},"class_list":["post-6913","page","type-page","status-publish","hentry"],"acf":[],"aioseo_notices":[],"_links":{"self":[{"href":"https:\/\/2pai-nord.ci\/web\/wp-json\/wp\/v2\/pages\/6913","targetHints":{"allow":["GET"]}}],"collection":[{"href":"https:\/\/2pai-nord.ci\/web\/wp-json\/wp\/v2\/pages"}],"about":[{"href":"https:\/\/2pai-nord.ci\/web\/wp-json\/wp\/v2\/types\/page"}],"author":[{"embeddable":true,"href":"https:\/\/2pai-nord.ci\/web\/wp-json\/wp\/v2\/users\/2"}],"replies":[{"embeddable":true,"href":"https:\/\/2pai-nord.ci\/web\/wp-json\/wp\/v2\/comments?post=6913"}],"version-history":[{"count":22,"href":"https:\/\/2pai-nord.ci\/web\/wp-json\/wp\/v2\/pages\/6913\/revisions"}],"predecessor-version":[{"id":12397,"href":"https:\/\/2pai-nord.ci\/web\/wp-json\/wp\/v2\/pages\/6913\/revisions\/12397"}],"wp:attachment":[{"href":"https:\/\/2pai-nord.ci\/web\/wp-json\/wp\/v2\/media?parent=6913"}],"curies":[{"name":"wp","href":"https:\/\/api.w.org\/{rel}","templated":true}]}}