{"id":2726,"date":"2019-07-02T18:11:33","date_gmt":"2019-07-02T18:11:33","guid":{"rendered":"http:\/\/axilthemes.com\/themes\/axilnews\/?page_id=24"},"modified":"2025-02-25T14:24:35","modified_gmt":"2025-02-25T13:24:35","slug":"contact","status":"publish","type":"page","link":"https:\/\/2pai-nord.ci\/wlab\/contact\/","title":{"rendered":"Contacts"},"content":{"rendered":"\t\t<div data-elementor-type=\"wp-post\" data-elementor-id=\"2726\" class=\"elementor elementor-2726\" data-elementor-post-type=\"page\">\n\t\t\t\t\t\t<section class=\"has_eae_slider elementor-section elementor-top-section elementor-element elementor-element-0a00cb5 elementor-section-boxed elementor-section-height-default elementor-section-height-default\" data-eae-slider=\"10708\" data-id=\"0a00cb5\" data-element_type=\"section\" data-settings=\"{&quot;background_background&quot;:&quot;classic&quot;}\">\n\t\t\t\t\t\t<div class=\"elementor-container elementor-column-gap-extended\">\n\t\t\t\t\t<div class=\"has_eae_slider elementor-column elementor-col-16 elementor-top-column elementor-element elementor-element-c9fb3f3\" data-eae-slider=\"7131\" data-id=\"c9fb3f3\" data-element_type=\"column\">\n\t\t\t<div class=\"elementor-widget-wrap\">\n\t\t\t\t\t\t\t<\/div>\n\t\t<\/div>\n\t\t\t\t<div class=\"has_eae_slider elementor-column elementor-col-66 elementor-top-column elementor-element elementor-element-cf8217c\" data-eae-slider=\"67907\" data-id=\"cf8217c\" data-element_type=\"column\">\n\t\t\t<div class=\"elementor-widget-wrap elementor-element-populated\">\n\t\t\t\t\t\t<div class=\"elementor-element elementor-element-6a7a5c1 elementor-widget elementor-widget-text-editor\" data-id=\"6a7a5c1\" data-element_type=\"widget\" data-widget_type=\"text-editor.default\">\n\t\t\t\t<div class=\"elementor-widget-container\">\n\t\t\t\t\t\t\t\t\t<p>O\u00f9 et quand vous avez besoin de nous. Nous sommes l\u00e0 pour vous &#8211; contactez nous pour tous vos besoins d&#8217;assistance, qu&#8217;il s&#8217;agisse de questions g\u00e9n\u00e9rales ou d&#8217;information.<\/p>\t\t\t\t\t\t\t\t<\/div>\n\t\t\t\t<\/div>\n\t\t\t\t\t<\/div>\n\t\t<\/div>\n\t\t\t\t<div class=\"has_eae_slider elementor-column elementor-col-16 elementor-top-column elementor-element elementor-element-6f1018d\" data-eae-slider=\"57861\" data-id=\"6f1018d\" data-element_type=\"column\">\n\t\t\t<div class=\"elementor-widget-wrap\">\n\t\t\t\t\t\t\t<\/div>\n\t\t<\/div>\n\t\t\t\t\t<\/div>\n\t\t<\/section>\n\t\t\t\t<section class=\"has_eae_slider elementor-section elementor-top-section elementor-element elementor-element-f157f82 elementor-section-content-middle elementor-section-stretched elementor-section-boxed elementor-section-height-default elementor-section-height-default\" data-eae-slider=\"91588\" data-id=\"f157f82\" data-element_type=\"section\" data-settings=\"{&quot;background_background&quot;:&quot;classic&quot;,&quot;stretch_section&quot;:&quot;section-stretched&quot;}\">\n\t\t\t\t\t\t<div class=\"elementor-container elementor-column-gap-extended\">\n\t\t\t\t\t<div class=\"has_eae_slider elementor-column elementor-col-66 elementor-top-column elementor-element elementor-element-84753ed\" data-eae-slider=\"91065\" data-id=\"84753ed\" data-element_type=\"column\" data-settings=\"{&quot;background_background&quot;:&quot;classic&quot;}\">\n\t\t\t<div class=\"elementor-widget-wrap elementor-element-populated\">\n\t\t\t\t\t\t<section class=\"has_eae_slider elementor-section elementor-inner-section elementor-element elementor-element-a959429 elementor-section-boxed elementor-section-height-default elementor-section-height-default\" data-eae-slider=\"19644\" data-id=\"a959429\" data-element_type=\"section\" data-settings=\"{&quot;background_background&quot;:&quot;classic&quot;}\">\n\t\t\t\t\t\t<div class=\"elementor-container elementor-column-gap-no\">\n\t\t\t\t\t<div class=\"has_eae_slider elementor-column elementor-col-100 elementor-inner-column elementor-element elementor-element-5a1a3e6\" data-eae-slider=\"45945\" data-id=\"5a1a3e6\" data-element_type=\"column\">\n\t\t\t<div class=\"elementor-widget-wrap elementor-element-populated\">\n\t\t\t\t\t\t<div class=\"elementor-element elementor-element-4a3f83b elementor-widget elementor-widget-shortcode\" data-id=\"4a3f83b\" data-element_type=\"widget\" data-widget_type=\"shortcode.default\">\n\t\t\t\t<div class=\"elementor-widget-container\">\n\t\t\t\t\t\t\t<div class=\"elementor-shortcode\">\n<div class=\"wpcf7 no-js\" id=\"wpcf7-f99-o1\" lang=\"en-US\" dir=\"ltr\" data-wpcf7-id=\"99\">\n<div class=\"screen-reader-response\"><p role=\"status\" aria-live=\"polite\" aria-atomic=\"true\"><\/p> <ul><\/ul><\/div>\n<form action=\"\/wlab\/wp-json\/wp\/v2\/pages\/2726#wpcf7-f99-o1\" method=\"post\" class=\"wpcf7-form init\" aria-label=\"Contact form\" novalidate=\"novalidate\" data-status=\"init\">\n<fieldset class=\"hidden-fields-container\"><input type=\"hidden\" name=\"_wpcf7\" value=\"99\" \/><input type=\"hidden\" name=\"_wpcf7_version\" value=\"6.1.3\" \/><input type=\"hidden\" name=\"_wpcf7_locale\" value=\"en_US\" \/><input type=\"hidden\" name=\"_wpcf7_unit_tag\" value=\"wpcf7-f99-o1\" \/><input type=\"hidden\" name=\"_wpcf7_container_post\" value=\"0\" \/><input type=\"hidden\" name=\"_wpcf7_posted_data_hash\" value=\"\" \/>\n<\/fieldset>\n<div class=\"section-title d-block\">\n\t<h2 class=\"h3 axil-title m-b-xs-20\" style=\"color:#ee781e\">Envoyer un message\n\t<\/h2>\n\t<p>Votre adresse e-mail ne sera pas publi\u00e9e. Tous les champs sont obligatoires.\n\t<\/p>\n<\/div>\n<div class=\"axil-contact-form-wrapper axil-contact-form row no-gutters\">\n\t<div class=\"form-group col-12\">\n\t\t<p><label for=\"name\">Nom complet<\/label><span class=\"wpcf7-form-control-wrap\" data-name=\"text-34\"><input size=\"40\" maxlength=\"400\" class=\"wpcf7-form-control wpcf7-text wpcf7-validates-as-required\" id=\"Name\" aria-required=\"true\" aria-invalid=\"false\" value=\"\" type=\"text\" name=\"text-34\" \/><\/span>\n\t\t<\/p>\n\t<\/div>\n\t<div class=\"form-group col-12\">\n\t\t<p><label for=\"phone\">Contact<\/label><span class=\"wpcf7-form-control-wrap\" data-name=\"tel-659\"><input size=\"40\" maxlength=\"400\" class=\"wpcf7-form-control wpcf7-tel wpcf7-text wpcf7-validates-as-tel\" id=\"phone\" aria-invalid=\"false\" value=\"\" type=\"tel\" name=\"tel-659\" \/><\/span>\n\t\t<\/p>\n\t<\/div>\n\t<div class=\"form-group col-12\">\n\t\t<p><label for=\"email\">Email<\/label><span class=\"wpcf7-form-control-wrap\" data-name=\"email-593\"><input size=\"40\" maxlength=\"400\" class=\"wpcf7-form-control wpcf7-email wpcf7-validates-as-required wpcf7-text wpcf7-validates-as-email\" id=\"email\" aria-required=\"true\" aria-invalid=\"false\" value=\"\" type=\"email\" name=\"email-593\" \/><\/span>\n\t\t<\/p>\n\t<\/div>\n\t<div class=\"form-group col-12\">\n\t\t<p><label for=\"message\">Message<\/label><span class=\"wpcf7-form-control-wrap\" data-name=\"textarea-766\"><textarea cols=\"40\" rows=\"5\" maxlength=\"2000\" class=\"wpcf7-form-control wpcf7-textarea\" id=\"message\" aria-invalid=\"false\" name=\"textarea-766\"><\/textarea><\/span>\n\t\t<\/p>\n\t<\/div>\n\t<div class=\"col-12\">\n\t\t<p><button class=\"btn btn-primary m-t-xs-0 m-t-lg-20\">Envoyer<\/button>\n\t\t<\/p>\n\t<\/div>\n<\/div><p style=\"display: none !important;\" class=\"akismet-fields-container\" data-prefix=\"_wpcf7_ak_\"><label>&#916;<textarea name=\"_wpcf7_ak_hp_textarea\" cols=\"45\" rows=\"8\" maxlength=\"100\"><\/textarea><\/label><input type=\"hidden\" id=\"ak_js_1\" name=\"_wpcf7_ak_js\" value=\"121\"\/><script>document.getElementById( \"ak_js_1\" ).setAttribute( \"value\", ( new Date() ).getTime() );<\/script><\/p><input type='hidden' class='wpcf7-pum' value='{\"closepopup\":false,\"closedelay\":0,\"openpopup\":false,\"openpopup_id\":0}' \/><div class=\"wpcf7-response-output\" aria-hidden=\"true\"><\/div>\n<\/form>\n<\/div>\n<\/div>\n\t\t\t\t\t\t<\/div>\n\t\t\t\t<\/div>\n\t\t\t\t\t<\/div>\n\t\t<\/div>\n\t\t\t\t\t<\/div>\n\t\t<\/section>\n\t\t\t\t\t<\/div>\n\t\t<\/div>\n\t\t\t\t<div class=\"has_eae_slider elementor-column elementor-col-33 elementor-top-column elementor-element elementor-element-6511f0b\" data-eae-slider=\"47064\" data-id=\"6511f0b\" data-element_type=\"column\">\n\t\t\t<div class=\"elementor-widget-wrap elementor-element-populated\">\n\t\t\t\t\t\t<section class=\"has_eae_slider elementor-section elementor-inner-section elementor-element elementor-element-e7f2572 elementor-section-boxed elementor-section-height-default elementor-section-height-default\" data-eae-slider=\"50941\" data-id=\"e7f2572\" data-element_type=\"section\">\n\t\t\t\t\t\t<div class=\"elementor-container elementor-column-gap-no\">\n\t\t\t\t\t<div class=\"has_eae_slider elementor-column elementor-col-100 elementor-inner-column elementor-element elementor-element-6772488\" data-eae-slider=\"4925\" data-id=\"6772488\" data-element_type=\"column\">\n\t\t\t<div class=\"elementor-widget-wrap elementor-element-populated\">\n\t\t\t\t\t\t<div class=\"elementor-element elementor-element-1a7a7bb elementor-widget elementor-widget-papr-contact-info\" data-id=\"1a7a7bb\" data-element_type=\"widget\" data-widget_type=\"papr-contact-info.default\">\n\t\t\t\t<div class=\"elementor-widget-container\">\n\t\t\t\t\t<div class=\"axil-contact-info-wrapper p-l-lg-45 m-b-xs-30\">\n    <div class=\"axil-contact-info-inner\">\n                <h2 class=\"h4 m-b-xs-10\"> Nous contacter <\/h2>\n                <div class=\"axil-contact-info\">\n            <address class=\"address\">\n                                    <p class=\"m-b-xs-30 mid grey-dark-three\">Abidjan, Cocody II Plateaux <br> \r\nKorhogo, C\u00f4te d'Ivoire<\/p>\n                                                        <h3 class=\"h5\"> Nous sommes disponibles 24\/ 7. Appelez-nous. <\/h3>\n                                                    <div>\n                        <a class=\"tel\" href=\"tel:+225 27 20 22 87 07\"><i class=\"fas fa-phone\"><\/i>+225 27 20 22 87 07<\/a>\n                    <\/div>\n                                                                        <div>\n                        <a class=\"tel\" href=\"mailto:info@2pai-nord.ci\"><i class=\"fas fa-envelope\"><\/i>info@2pai-nord.ci<\/a>\n                    <\/div>\n                                <\/address>\n            <!-- End of address -->\n                            <div class=\"contact-social-share m-t-xs-30\">\n                                            <div class=\"axil-social-title h5\"> Nous suivre <\/div>\n                                        <ul class=\"social-share social-share__with-bg\">\n                                                    <li><a href=\"#\"  target=\"_blank\"><i class=\"fab fa-facebook-f\"><\/i><\/a><\/li>\n                                                    <li><a href=\"#\"  target=\"_blank\"><i class=\"fab fa-twitter\"><\/i><\/a><\/li>\n                                                    <li><a href=\"#\"  target=\"_blank\"><i class=\"fab fa-linkedin-in\"><\/i><\/a><\/li>\n                                                    <li><a href=\"#\"  target=\"_blank\"><i class=\"fab fa-youtube\"><\/i><\/a><\/li>\n                                            <\/ul>\n                <\/div>\n                        <!-- End of .contact-shsdf -->\n        <\/div>\n        <!-- End of .axil-contact-info -->\n    <\/div>\n    <!-- End of .axil-contact-info-inner -->\n<\/div>\n<!-- End of .axil-contact-info-wrapper -->\n\t\t\t\t<\/div>\n\t\t\t\t<\/div>\n\t\t\t\t\t<\/div>\n\t\t<\/div>\n\t\t\t\t\t<\/div>\n\t\t<\/section>\n\t\t\t\t\t<\/div>\n\t\t<\/div>\n\t\t\t\t\t<\/div>\n\t\t<\/section>\n\t\t\t\t<section class=\"has_eae_slider elementor-section elementor-top-section elementor-element elementor-element-df9d3a8 elementor-section-boxed elementor-section-height-default elementor-section-height-default\" data-eae-slider=\"55015\" data-id=\"df9d3a8\" data-element_type=\"section\">\n\t\t\t\t\t\t<div class=\"elementor-container elementor-column-gap-extended\">\n\t\t\t\t\t<div class=\"has_eae_slider elementor-column elementor-col-100 elementor-top-column elementor-element elementor-element-7e4e3a5\" data-eae-slider=\"55147\" data-id=\"7e4e3a5\" data-element_type=\"column\">\n\t\t\t<div class=\"elementor-widget-wrap elementor-element-populated\">\n\t\t\t\t\t\t<div class=\"elementor-element elementor-element-e8906a9 elementor-widget elementor-widget-heading\" data-id=\"e8906a9\" data-element_type=\"widget\" data-widget_type=\"heading.default\">\n\t\t\t\t<div class=\"elementor-widget-container\">\n\t\t\t\t\t<h3 class=\"elementor-heading-title elementor-size-default\">Nos Bureaux R\u00e9gionaux<\/h3>\t\t\t\t<\/div>\n\t\t\t\t<\/div>\n\t\t\t\t\t<\/div>\n\t\t<\/div>\n\t\t\t\t\t<\/div>\n\t\t<\/section>\n\t\t\t\t<section class=\"has_eae_slider elementor-section elementor-top-section elementor-element elementor-element-dceeb2a elementor-section-full_width elementor-section-height-default elementor-section-height-default\" data-eae-slider=\"92735\" data-id=\"dceeb2a\" data-element_type=\"section\">\n\t\t\t\t\t\t<div class=\"elementor-container elementor-column-gap-extended\">\n\t\t\t\t\t<div class=\"has_eae_slider elementor-column elementor-col-100 elementor-top-column elementor-element elementor-element-4654e8b\" data-eae-slider=\"78801\" data-id=\"4654e8b\" data-element_type=\"column\">\n\t\t\t<div class=\"elementor-widget-wrap elementor-element-populated\">\n\t\t\t\t\t\t<div class=\"elementor-element elementor-element-5357f70 elementor-widget elementor-widget-google_maps\" data-id=\"5357f70\" data-element_type=\"widget\" data-widget_type=\"google_maps.default\">\n\t\t\t\t<div class=\"elementor-widget-container\">\n\t\t\t\t\t\t\t<div class=\"elementor-custom-embed\">\n\t\t\t<iframe loading=\"lazy\"\n\t\t\t\t\tsrc=\"https:\/\/maps.google.com\/maps?q=London%20Eye%2C%20London%2C%20United%20Kingdom&#038;t=m&#038;z=10&#038;output=embed&#038;iwloc=near\"\n\t\t\t\t\ttitle=\"London Eye, London, United Kingdom\"\n\t\t\t\t\taria-label=\"London Eye, London, United Kingdom\"\n\t\t\t><\/iframe>\n\t\t<\/div>\n\t\t\t\t\t\t<\/div>\n\t\t\t\t<\/div>\n\t\t\t\t\t<\/div>\n\t\t<\/div>\n\t\t\t\t\t<\/div>\n\t\t<\/section>\n\t\t\t\t<\/div>\n\t\t","protected":false},"excerpt":{"rendered":"<p>O\u00f9 et quand vous avez besoin de nous. Nous sommes l\u00e0 pour vous &#8211; contactez nous pour tous vos besoins d&#8217;assistance, qu&#8217;il s&#8217;agisse de questions<\/p>\n","protected":false},"author":1,"featured_media":0,"parent":0,"menu_order":0,"comment_status":"closed","ping_status":"closed","template":"","meta":{"_acf_changed":false,"_eb_attr":"","_monsterinsights_skip_tracking":false,"_monsterinsights_sitenote_active":false,"_monsterinsights_sitenote_note":"","_monsterinsights_sitenote_category":0,"footnotes":""},"class_list":["post-2726","page","type-page","status-publish","hentry"],"acf":[],"aioseo_notices":[],"_links":{"self":[{"href":"https:\/\/2pai-nord.ci\/wlab\/wp-json\/wp\/v2\/pages\/2726","targetHints":{"allow":["GET"]}}],"collection":[{"href":"https:\/\/2pai-nord.ci\/wlab\/wp-json\/wp\/v2\/pages"}],"about":[{"href":"https:\/\/2pai-nord.ci\/wlab\/wp-json\/wp\/v2\/types\/page"}],"author":[{"embeddable":true,"href":"https:\/\/2pai-nord.ci\/wlab\/wp-json\/wp\/v2\/users\/1"}],"replies":[{"embeddable":true,"href":"https:\/\/2pai-nord.ci\/wlab\/wp-json\/wp\/v2\/comments?post=2726"}],"version-history":[{"count":48,"href":"https:\/\/2pai-nord.ci\/wlab\/wp-json\/wp\/v2\/pages\/2726\/revisions"}],"predecessor-version":[{"id":3978,"href":"https:\/\/2pai-nord.ci\/wlab\/wp-json\/wp\/v2\/pages\/2726\/revisions\/3978"}],"wp:attachment":[{"href":"https:\/\/2pai-nord.ci\/wlab\/wp-json\/wp\/v2\/media?parent=2726"}],"curies":[{"name":"wp","href":"https:\/\/api.w.org\/{rel}","templated":true}]}}